{"id":98,"date":"2023-07-28T22:08:34","date_gmt":"2023-07-28T20:08:34","guid":{"rendered":"https:\/\/os-svetvincenat.skole.hr\/?page_id=98"},"modified":"2025-11-07T15:47:44","modified_gmt":"2025-11-07T14:47:44","slug":"predmetna-nastava","status":"publish","type":"page","link":"https:\/\/os-svetvincenat.skole.hr\/?page_id=98","title":{"rendered":"Predmetna nastava"},"content":{"rendered":"<p>[et_pb_section fb_built=&#8221;1&#8243; _builder_version=&#8221;4.25.0&#8243; _module_preset=&#8221;default&#8221; background_image=&#8221;https:\/\/os-svetvincenat.skole.hr\/wp-content\/uploads\/sites\/2697\/2023\/09\/online-classroom-01-1.jpg&#8221; global_colors_info=&#8221;{}&#8221;][et_pb_row column_structure=&#8221;1_2,1_2&#8243; _builder_version=&#8221;4.25.0&#8243; _module_preset=&#8221;default&#8221; global_colors_info=&#8221;{}&#8221;][et_pb_column type=&#8221;1_2&#8243; _builder_version=&#8221;4.25.0&#8243; _module_preset=&#8221;default&#8221; global_colors_info=&#8221;{}&#8221;][et_pb_text _builder_version=&#8221;4.25.0&#8243; text_font=&#8221;||||||||&#8221; text_font_size=&#8221;1px&#8221; text_line_height=&#8221;1em&#8221; header_font=&#8221;EB Garamond|||||||#0C71C3|solid&#8221; header_text_align=&#8221;center&#8221; header_text_color=&#8221;rgba(0,0,0,0.65)&#8221; header_font_size=&#8221;57px&#8221; header_line_height=&#8221;1.3em&#8221; background_color=&#8221;#0caece&#8221; max_width=&#8221;600px&#8221; custom_margin=&#8221;-41px|||||&#8221; text_font_size_tablet=&#8221;&#8221; text_font_size_phone=&#8221;15px&#8221; text_font_size_last_edited=&#8221;on|phone&#8221; text_line_height_tablet=&#8221;&#8221; text_line_height_phone=&#8221;1.6em&#8221; text_line_height_last_edited=&#8221;on|phone&#8221; header_font_size_tablet=&#8221;50px&#8221; header_font_size_phone=&#8221;32px&#8221; box_shadow_style=&#8221;preset1&#8243; box_shadow_horizontal=&#8221;-21px&#8221; box_shadow_vertical=&#8221;-2px&#8221; box_shadow_blur=&#8221;27px&#8221; box_shadow_spread=&#8221;-1px&#8221; global_colors_info=&#8221;{}&#8221;]<\/p>\n<h1>Predmetna nastava<\/h1>\n<p>&nbsp;<\/p>\n<p>[\/et_pb_text][et_pb_text _builder_version=&#8221;4.25.0&#8243; _module_preset=&#8221;default&#8221; global_colors_info=&#8221;{}&#8221;]<\/p>\n<p>\u0160kolske godine 2025.\/2026. predmetnu nastavu poha\u0111a 68 u\u010denika ( 19 u\u010denika u 5.razredu, 15 u\u010denika u 6.razredu, 11 u\u010denika u 7.razredu te 23 u\u010denika u 8.razredu).<\/p>\n<p>[\/et_pb_text][\/et_pb_column][et_pb_column type=&#8221;1_2&#8243; _builder_version=&#8221;4.25.0&#8243; _module_preset=&#8221;default&#8221; global_colors_info=&#8221;{}&#8221;][\/et_pb_column][\/et_pb_row][et_pb_row _builder_version=&#8221;4.25.0&#8243; _module_preset=&#8221;default&#8221; custom_margin=&#8221;|217px||auto||&#8221; custom_padding=&#8221;|0px||||&#8221; global_colors_info=&#8221;{}&#8221;][et_pb_column type=&#8221;4_4&#8243; _builder_version=&#8221;4.25.0&#8243; _module_preset=&#8221;default&#8221; global_colors_info=&#8221;{}&#8221;][et_pb_toggle title=&#8221;Raspored sati 5. razred&#8221; icon_color=&#8221;#000000&#8243; _builder_version=&#8221;4.25.0&#8243; _module_preset=&#8221;default&#8221; background_color=&#8221;#0DBEDD&#8221; custom_margin=&#8221;|319px||-169px||&#8221; custom_padding=&#8221;|20px||||&#8221; global_colors_info=&#8221;{}&#8221;]<\/p>\n<table width=\"680\">\n<tbody>\n<tr>\n<td width=\"33\">Sat<\/td>\n<td width=\"129\">ponedjeljak<\/td>\n<td width=\"129\">utorak<\/td>\n<td width=\"129\">srijeda<\/td>\n<td width=\"129\">\u010detvrtak<\/td>\n<td width=\"129\">petak<\/td>\n<\/tr>\n<tr>\n<td width=\"33\">1<\/td>\n<td width=\"129\">Vjeronauk (izborni)<\/td>\n<td width=\"129\">Povijest<\/td>\n<td width=\"129\">Hrvatski jezik<\/td>\n<td width=\"129\">Engleski jezik I<\/td>\n<td width=\"129\">Informatika<\/td>\n<\/tr>\n<tr>\n<td width=\"33\">2<\/td>\n<td width=\"129\">Geografija<\/td>\n<td width=\"129\">Priroda<\/td>\n<td width=\"129\">Talijanski jezik II (izborni)<\/td>\n<td width=\"129\">Glazbena kultura<\/td>\n<td width=\"129\">Informatika<\/td>\n<\/tr>\n<tr>\n<td width=\"33\">3<\/td>\n<td width=\"129\">Engleski jezik I<\/td>\n<td width=\"129\">Likovna kultura\/Tehni\u010dka kultura<\/td>\n<td width=\"129\">Matematika<\/td>\n<td width=\"129\">Hrvatski jezik<\/td>\n<td width=\"129\">Hrvatski jezik<\/td>\n<\/tr>\n<tr>\n<td width=\"33\">4<\/td>\n<td width=\"129\">Engleski jezik I<\/td>\n<td width=\"129\">Likovna kultura\/Tehni\u010dka kultura<\/td>\n<td width=\"129\">Povijest<\/td>\n<td width=\"129\">Matematika<\/td>\n<td width=\"129\">Matematika<\/td>\n<\/tr>\n<tr>\n<td width=\"33\">5<\/td>\n<td width=\"129\">Hrvatski jezik<\/td>\n<td width=\"129\">Matematika<\/td>\n<td width=\"129\">\n<p>Priroda<\/p>\n<p>Geografija<\/p>\n<\/td>\n<td width=\"129\">Tjelesna i zdravstvena kultura<\/td>\n<td width=\"129\">Tjelesna i zdravstvena kultura<\/td>\n<\/tr>\n<tr>\n<td width=\"33\">6<\/td>\n<td width=\"129\">Hrvatski jezik<\/td>\n<td width=\"129\"><\/td>\n<td width=\"129\">Vjeronauk (izborni)<\/td>\n<td width=\"129\">Talijanski jezik (izborni)<\/td>\n<td width=\"129\"><\/td>\n<\/tr>\n<tr>\n<td width=\"33\">7<\/td>\n<td width=\"129\">Sat razrednika<\/td>\n<td width=\"129\">Izvannastavna aktivnost<\/td>\n<td width=\"129\">Izvannastavne aktivnosti<\/td>\n<td width=\"129\">Izvannastavna aktivnost<\/td>\n<td width=\"129\"><\/td>\n<\/tr>\n<\/tbody>\n<\/table>\n<p>[\/et_pb_toggle][\/et_pb_column][\/et_pb_row][et_pb_row _builder_version=&#8221;4.25.0&#8243; _module_preset=&#8221;default&#8221; custom_margin=&#8221;|auto||50px||&#8221; global_colors_info=&#8221;{}&#8221;][et_pb_column type=&#8221;4_4&#8243; _builder_version=&#8221;4.25.0&#8243; _module_preset=&#8221;default&#8221; global_colors_info=&#8221;{}&#8221;][et_pb_toggle title=&#8221;Raspored sati 6. razred&#8221; icon_color=&#8221;#000000&#8243; _builder_version=&#8221;4.25.0&#8243; _module_preset=&#8221;default&#8221; background_color=&#8221;#0DBEDD&#8221; custom_margin=&#8221;|144px||||&#8221; global_colors_info=&#8221;{}&#8221;]<\/p>\n<table width=\"680\">\n<tbody>\n<tr>\n<td width=\"33\">Sat<\/td>\n<td width=\"129\">ponedjeljak<\/td>\n<td width=\"129\">utorak<\/td>\n<td width=\"129\">srijeda<\/td>\n<td width=\"129\">\u010detvrtak<\/td>\n<td width=\"129\">petak<\/td>\n<\/tr>\n<tr>\n<td width=\"33\">1<\/td>\n<td width=\"129\">Informatika<\/td>\n<td width=\"129\">Priroda<\/td>\n<td width=\"129\">Matematika<\/td>\n<td width=\"129\">Hrvatski jezik<\/td>\n<td width=\"129\">Engleski jezik I<\/td>\n<\/tr>\n<tr>\n<td width=\"33\">2<\/td>\n<td width=\"129\">Informatika<\/td>\n<td width=\"129\">Povijest<\/td>\n<td width=\"129\">Geografija<\/td>\n<td width=\"129\">Hrvatski jezik<\/td>\n<td width=\"129\">Engleski jezik I<\/td>\n<\/tr>\n<tr>\n<td width=\"33\">3<\/td>\n<td width=\"129\">Geografija<\/td>\n<td width=\"129\">Likovna kultura<br \/>Tehni\u010dka kultura<\/td>\n<td width=\"129\">Hrvatski jezik<\/td>\n<td width=\"129\">Glazbena kultura<\/td>\n<td width=\"129\">Talijanski jezik II (izborni)<\/td>\n<\/tr>\n<tr>\n<td width=\"33\">4<\/td>\n<td width=\"129\">Hrvatski jezik<\/td>\n<td width=\"129\">Likovna kultura<br \/>Tehni\u010dka kultura<\/td>\n<td width=\"129\">Hrvatski jezik<\/td>\n<td width=\"129\">Tjelesna i zdravstvena kultura<\/td>\n<td width=\"129\">Talijanski jezik II (izborni)<\/td>\n<\/tr>\n<tr>\n<td width=\"33\">5<\/td>\n<td width=\"129\">Matematika<\/td>\n<td width=\"129\">Tjelesna i zdravstvena kultura<\/td>\n<td width=\"129\">Vjeronauk (izborni)<\/td>\n<td width=\"129\">Engleski jezik I<\/td>\n<td width=\"129\">Matematika<\/td>\n<\/tr>\n<tr>\n<td width=\"33\">6<\/td>\n<td width=\"129\">Matematika<\/td>\n<td width=\"129\">Vjeronauk (izborni)<\/td>\n<td width=\"129\">Priroda<\/td>\n<td width=\"129\"><\/td>\n<td width=\"129\">Povijest<\/td>\n<\/tr>\n<tr>\n<td width=\"33\">7<\/td>\n<td width=\"129\">Sat razrednika<\/td>\n<td width=\"129\"><\/td>\n<td width=\"129\"><\/td>\n<td width=\"129\"><\/td>\n<td width=\"129\"><\/td>\n<\/tr>\n<\/tbody>\n<\/table>\n<p>[\/et_pb_toggle][\/et_pb_column][\/et_pb_row][et_pb_row _builder_version=&#8221;4.25.0&#8243; _module_preset=&#8221;default&#8221; custom_margin=&#8221;|509px||47px||&#8221; custom_padding=&#8221;|143px||||&#8221; global_colors_info=&#8221;{}&#8221;][et_pb_column type=&#8221;4_4&#8243; _builder_version=&#8221;4.25.0&#8243; _module_preset=&#8221;default&#8221; global_colors_info=&#8221;{}&#8221;][et_pb_toggle title=&#8221;Raspored sati 7. razred&#8221; icon_color=&#8221;#000000&#8243; _builder_version=&#8221;4.25.0&#8243; _module_preset=&#8221;default&#8221; background_color=&#8221;#0dbedd&#8221; custom_padding=&#8221;|24px||||&#8221; global_colors_info=&#8221;{}&#8221;]<\/p>\n<table width=\"680\">\n<tbody>\n<tr>\n<td style=\"width: 29.6px\">Sat<\/td>\n<td colspan=\"2\" style=\"width: 111.137px\">ponedjeljak<\/td>\n<td style=\"width: 110.575px\">utorak<\/td>\n<td colspan=\"3\" style=\"width: 218.1px\">srijeda<\/td>\n<td colspan=\"2\" style=\"width: 65.5625px\">\u010detvrtak<\/td>\n<td style=\"width: 110.625px\">petak<\/td>\n<\/tr>\n<tr>\n<td style=\"width: 29.6px\">1<\/td>\n<td colspan=\"2\" style=\"width: 111.137px\">Fizika<\/td>\n<td style=\"width: 110.575px\">Matematika<\/td>\n<td colspan=\"3\" style=\"width: 218.1px\">Talijanski jezik II (izborni)<\/td>\n<td colspan=\"2\" style=\"width: 65.5625px\">Glazbena kultura<\/td>\n<td style=\"width: 110.625px\">Matematika<\/td>\n<\/tr>\n<tr>\n<td style=\"width: 29.6px\">2<\/td>\n<td colspan=\"2\" style=\"width: 111.137px\">Fizika<\/td>\n<td style=\"width: 110.575px\">Matematika<\/td>\n<td colspan=\"3\" style=\"width: 218.1px\">Matematika<\/td>\n<td colspan=\"2\" style=\"width: 65.5625px\">Engleski jezik I<\/td>\n<td style=\"width: 110.625px\">Talijanski jezik II (izborni)<\/td>\n<\/tr>\n<tr>\n<td style=\"width: 29.6px\">3<\/td>\n<td colspan=\"2\" style=\"width: 111.137px\">Informatika (izborni)<\/td>\n<td style=\"width: 110.575px\">Povijest<\/td>\n<td colspan=\"3\" style=\"width: 218.1px\">Geografija<\/td>\n<td colspan=\"2\" style=\"width: 65.5625px\">Kemija<\/td>\n<td style=\"width: 110.625px\">Informatika (izborni)<\/td>\n<\/tr>\n<tr>\n<td style=\"width: 29.6px\">4<\/td>\n<td colspan=\"2\" style=\"width: 111.137px\">Informatika (izborni)<\/td>\n<td style=\"width: 110.575px\">Tjelesna i zdravstvena kultura<\/td>\n<td colspan=\"3\" style=\"width: 218.1px\">Biologija<\/td>\n<td colspan=\"2\" style=\"width: 65.5625px\">Kemija<\/td>\n<td style=\"width: 110.625px\">Tjelesna i zdravstvena kultura<\/td>\n<\/tr>\n<tr>\n<td style=\"width: 29.6px\">5<\/td>\n<td style=\"width: 109.537px\">Geografija<\/td>\n<td colspan=\"3\" style=\"width: 113.775px\">Tehni\u010dka kultura<br \/>Likovna kultura<\/td>\n<td style=\"width: 171.663px\">Povijest\u00a0 \u00a0 \u00a0 \u00a0 \u00a0 \u00a0 \u00a0 \u00a0 \u00a0 \u00a0 \u00a0 \u00a0 \u00a0 \u00a0\u00a0<\/td>\n<td colspan=\"2\" style=\"width: 108.8px\">Hrvatski jezik<\/td>\n<td colspan=\"2\" style=\"width: 112.225px\">Hrvatski jezik<\/td>\n<\/tr>\n<tr>\n<td style=\"width: 29.6px\">6<\/td>\n<td style=\"width: 109.537px\">Engleski jezik I<\/td>\n<td colspan=\"3\" style=\"width: 113.775px\">Likovna kultura<br \/>Tehni\u010dka kultura<\/td>\n<td style=\"width: 171.663px\">Sat razrednika<\/td>\n<td colspan=\"2\" style=\"width: 108.8px\">Hrvatski jezik<\/td>\n<td colspan=\"2\" style=\"width: 112.225px\">Hrvatski jezik<\/td>\n<\/tr>\n<tr>\n<td style=\"width: 29.6px\">7<\/td>\n<td style=\"width: 109.537px\">Biologija<\/td>\n<td colspan=\"3\" style=\"width: 113.775px\">Engleski jezik I<\/td>\n<td style=\"width: 171.663px\">Vjeronauk (izborni)<\/td>\n<td colspan=\"2\" style=\"width: 108.8px\"><\/td>\n<td colspan=\"2\" style=\"width: 112.225px\">Vjeronauk (izborni)<\/td>\n<\/tr>\n<\/tbody>\n<\/table>\n<p>[\/et_pb_toggle][\/et_pb_column][\/et_pb_row][et_pb_row _builder_version=&#8221;4.25.0&#8243; _module_preset=&#8221;default&#8221; custom_margin=&#8221;|auto||43px||&#8221; global_colors_info=&#8221;{}&#8221;][et_pb_column type=&#8221;4_4&#8243; _builder_version=&#8221;4.25.0&#8243; _module_preset=&#8221;default&#8221; global_colors_info=&#8221;{}&#8221;][et_pb_toggle title=&#8221;Raspored sati 8.razred&#8221; icon_color=&#8221;#000000&#8243; _builder_version=&#8221;4.25.0&#8243; _module_preset=&#8221;default&#8221; background_color=&#8221;#0DBEDD&#8221; custom_margin=&#8221;|137px||||&#8221; custom_padding=&#8221;|24px||||&#8221; global_colors_info=&#8221;{}&#8221;]<\/p>\n<table width=\"680\">\n<tbody>\n<tr>\n<td style=\"width: 33.7875px\">Sat<\/td>\n<td style=\"width: 122.95px\">ponedjeljak<\/td>\n<td style=\"width: 120.025px\">utorak<\/td>\n<td style=\"width: 122.95px\">srijeda<\/td>\n<td style=\"width: 122.887px\">\u010detvrtak<\/td>\n<td style=\"width: 123px\">petak<\/td>\n<\/tr>\n<tr>\n<td style=\"width: 33.7875px\">0<\/td>\n<td style=\"width: 122.95px\"><\/td>\n<td style=\"width: 120.025px\"><\/td>\n<td style=\"width: 122.95px\"><\/td>\n<td style=\"width: 122.887px\"><\/td>\n<td style=\"width: 123px\"><\/td>\n<\/tr>\n<tr>\n<td style=\"width: 33.7875px\">1<\/td>\n<td style=\"width: 122.95px\">Geografija<\/td>\n<td style=\"width: 120.025px\">Hrvatski jezik<\/td>\n<td style=\"width: 122.95px\">Informatika (izborni)<\/td>\n<td style=\"width: 122.887px\">Kemija<\/td>\n<td style=\"width: 123px\">Talijanski jezik II (izborni)<\/td>\n<\/tr>\n<tr>\n<td style=\"width: 33.7875px\"><\/td>\n<td style=\"width: 122.95px\">Talijanski jezik II (izborni)<\/td>\n<td style=\"width: 120.025px\">Hrvatski jezik<\/td>\n<td style=\"width: 122.95px\">Informatika (izborni)<\/td>\n<td style=\"width: 122.887px\">Kemija<\/td>\n<td style=\"width: 123px\">Matematika<\/td>\n<\/tr>\n<tr>\n<td style=\"width: 33.7875px\">3<\/td>\n<td style=\"width: 122.95px\">Fizika<\/td>\n<td style=\"width: 120.025px\">Biologija<\/td>\n<td style=\"width: 122.95px\">Talijanski jezik II (izborni)<\/td>\n<td style=\"width: 122.887px\">Engleski jezik I<\/td>\n<td style=\"width: 123px\">Engleski jezik I<\/td>\n<\/tr>\n<tr>\n<td style=\"width: 33.7875px\">4<\/td>\n<td style=\"width: 122.95px\">Fizika<\/td>\n<td style=\"width: 120.025px\">Povijest<\/td>\n<td style=\"width: 122.95px\">Geografija<\/td>\n<td style=\"width: 122.887px\">Glazbena kultura<\/td>\n<td style=\"width: 123px\">Hrvatski jezik<\/td>\n<\/tr>\n<tr>\n<td style=\"width: 33.7875px\">5<\/td>\n<td style=\"width: 122.95px\">Engleski jezik I<\/td>\n<td style=\"width: 120.025px\">\n<p>Tehni\u010dka kultura<\/p>\n<p>Likovna kultura<\/p>\n<\/td>\n<td style=\"width: 122.95px\">Hrvatski jezik<\/td>\n<td style=\"width: 122.887px\">Matematika<\/td>\n<td style=\"width: 123px\">Povijest<\/td>\n<\/tr>\n<tr>\n<td style=\"width: 33.7875px\"><\/td>\n<td style=\"width: 122.95px\">Biologija<\/td>\n<td style=\"width: 120.025px\">\n<p>Tehni\u010dka kultura<\/p>\n<p>Likovna kultura<\/p>\n<\/td>\n<td style=\"width: 122.95px\">Matematika<\/td>\n<td style=\"width: 122.887px\">Tjelesna i zdravstvena kultura<\/td>\n<td style=\"width: 123px\">Tjelesna i zdravstvena kultura<\/td>\n<\/tr>\n<tr>\n<td style=\"width: 33.7875px\">7<\/td>\n<td style=\"width: 122.95px\">Matematika<\/td>\n<td style=\"width: 120.025px\">Vjeronauk (izborni)<\/td>\n<td style=\"width: 122.95px\">Izvannastavne aktivnosti<\/td>\n<td style=\"width: 122.887px\"><\/td>\n<td style=\"width: 123px\">Sat razrednika<\/td>\n<\/tr>\n<\/tbody>\n<\/table>\n<p>&nbsp;<\/p>\n<p>[\/et_pb_toggle][\/et_pb_column][\/et_pb_row][et_pb_row _builder_version=&#8221;4.25.0&#8243; _module_preset=&#8221;default&#8221;][et_pb_column _builder_version=&#8221;4.25.0&#8243; _module_preset=&#8221;default&#8221; type=&#8221;4_4&#8243;][et_pb_text _builder_version=&#8221;4.25.0&#8243; _module_preset=&#8221;71f4382d-4540-408c-95b9-a51adfd9f153&#8243; text_orientation=&#8221;center&#8221; custom_padding=&#8221;39px|||||&#8221; hover_enabled=&#8221;0&#8243; global_colors_info=&#8221;{}&#8221; theme_builder_area=&#8221;post_content&#8221; sticky_enabled=&#8221;0&#8243;]<\/p>\n<h2>Vijesti predmetne nastave<\/h2>\n<p>[\/et_pb_text][\/et_pb_column][\/et_pb_row][et_pb_row _builder_version=&#8221;4.25.0&#8243; _module_preset=&#8221;default&#8221;][et_pb_column _builder_version=&#8221;4.25.0&#8243; _module_preset=&#8221;default&#8221; type=&#8221;4_4&#8243;][et_pb_blog posts_number=&#8221;6&#8243; include_categories=&#8221;75&#8243; show_pagination=&#8221;off&#8221; _builder_version=&#8221;4.25.0&#8243; _module_preset=&#8221;2731d953-3023-43d5-bc6e-b9216a8f3cca&#8221; meta_text_color=&#8221;#7CDA24&#8243; hover_enabled=&#8221;0&#8243; box_shadow_style=&#8221;preset4&#8243; box_shadow_horizontal=&#8221;20px&#8221; box_shadow_vertical=&#8221;20px&#8221; box_shadow_color=&#8221;gcid-f0b81583-c55e-43e8-91ce-43dd9fe19dec&#8221; locked=&#8221;off&#8221; global_colors_info=&#8221;{%22gcid-93e3f830-9462-456c-bf95-d424ca32e812%22:%91%22header_text_color%22,%22header_text_color%22,%22header_text_color%22,%22body_text_color%22%93,%22gcid-f0b81583-c55e-43e8-91ce-43dd9fe19dec%22:%91%22header_text_color%22,%22read_more_text_color%22,%22pagination_text_color%22,%22header_text_color%22,%22read_more_text_color%22,%22pagination_text_color%22,%22box_shadow_color%22%93,%22gcid-003c4999-eec4-4ca4-a311-f313d47ae6c2%22:%91%22box_shadow_color%22,%22box_shadow_color%22%93}&#8221; theme_builder_area=&#8221;post_content&#8221; sticky_enabled=&#8221;0&#8243;][\/et_pb_blog][\/et_pb_column][\/et_pb_row][\/et_pb_section]<\/p>\n","protected":false},"excerpt":{"rendered":"<p>Predmetna nastava &nbsp;\u0160kolske godine 2025.\/2026. predmetnu nastavu poha\u0111a 68 u\u010denika ( 19 u\u010denika u 5.razredu, 15 u\u010denika u 6.razredu, 11 u\u010denika u 7.razredu te 23 u\u010denika u 8.razredu). Sat ponedjeljak utorak srijeda \u010detvrtak petak 1 Vjeronauk (izborni) Povijest Hrvatski jezik Engleski jezik I Informatika 2 Geografija Priroda Talijanski jezik II (izborni) Glazbena kultura Informatika 3 [&hellip;]<\/p>\n","protected":false},"author":0,"featured_media":0,"parent":0,"menu_order":0,"comment_status":"closed","ping_status":"closed","template":"","meta":{"_et_pb_use_builder":"on","_et_pb_old_content":"","_et_gb_content_width":"","footnotes":""},"class_list":["post-98","page","type-page","status-publish","hentry"],"_links":{"self":[{"href":"https:\/\/os-svetvincenat.skole.hr\/index.php?rest_route=\/wp\/v2\/pages\/98","targetHints":{"allow":["GET"]}}],"collection":[{"href":"https:\/\/os-svetvincenat.skole.hr\/index.php?rest_route=\/wp\/v2\/pages"}],"about":[{"href":"https:\/\/os-svetvincenat.skole.hr\/index.php?rest_route=\/wp\/v2\/types\/page"}],"replies":[{"embeddable":true,"href":"https:\/\/os-svetvincenat.skole.hr\/index.php?rest_route=%2Fwp%2Fv2%2Fcomments&post=98"}],"version-history":[{"count":13,"href":"https:\/\/os-svetvincenat.skole.hr\/index.php?rest_route=\/wp\/v2\/pages\/98\/revisions"}],"predecessor-version":[{"id":297042,"href":"https:\/\/os-svetvincenat.skole.hr\/index.php?rest_route=\/wp\/v2\/pages\/98\/revisions\/297042"}],"wp:attachment":[{"href":"https:\/\/os-svetvincenat.skole.hr\/index.php?rest_route=%2Fwp%2Fv2%2Fmedia&parent=98"}],"curies":[{"name":"wp","href":"https:\/\/api.w.org\/{rel}","templated":true}]}}