{"id":92,"date":"2023-07-28T22:08:18","date_gmt":"2023-07-28T20:08:18","guid":{"rendered":"https:\/\/os-svetvincenat.skole.hr\/?page_id=92"},"modified":"2025-11-07T15:49:42","modified_gmt":"2025-11-07T14:49:42","slug":"razredna-nastava","status":"publish","type":"page","link":"https:\/\/os-svetvincenat.skole.hr\/?page_id=92","title":{"rendered":"Razredna nastava"},"content":{"rendered":"<p>[et_pb_section fb_built=&#8221;1&#8243; _builder_version=&#8221;4.25.0&#8243; _module_preset=&#8221;default&#8221; background_image=&#8221;https:\/\/os-svetvincenat.skole.hr\/wp-content\/uploads\/sites\/2697\/2023\/09\/online-classroom-01-1.jpg&#8221; custom_padding=&#8221;|0px|0px|||&#8221; global_colors_info=&#8221;{}&#8221;][et_pb_row column_structure=&#8221;1_2,1_2&#8243; _builder_version=&#8221;4.25.0&#8243; _module_preset=&#8221;default&#8221; global_colors_info=&#8221;{}&#8221;][et_pb_column type=&#8221;1_2&#8243; _builder_version=&#8221;4.25.0&#8243; _module_preset=&#8221;default&#8221; global_colors_info=&#8221;{}&#8221;][et_pb_text _builder_version=&#8221;4.25.0&#8243; text_font=&#8221;||||||||&#8221; text_font_size=&#8221;1px&#8221; text_line_height=&#8221;1em&#8221; header_font=&#8221;EB Garamond|||||||#0C71C3|solid&#8221; header_text_align=&#8221;center&#8221; header_text_color=&#8221;rgba(0,0,0,0.65)&#8221; header_font_size=&#8221;57px&#8221; header_line_height=&#8221;1.3em&#8221; background_color=&#8221;#edef56&#8243; max_width=&#8221;600px&#8221; custom_margin=&#8221;-41px|||||&#8221; text_font_size_tablet=&#8221;&#8221; text_font_size_phone=&#8221;15px&#8221; text_font_size_last_edited=&#8221;on|phone&#8221; text_line_height_tablet=&#8221;&#8221; text_line_height_phone=&#8221;1.6em&#8221; text_line_height_last_edited=&#8221;on|phone&#8221; header_font_size_tablet=&#8221;50px&#8221; header_font_size_phone=&#8221;32px&#8221; box_shadow_style=&#8221;preset1&#8243; box_shadow_horizontal=&#8221;-21px&#8221; box_shadow_vertical=&#8221;-2px&#8221; box_shadow_blur=&#8221;27px&#8221; box_shadow_spread=&#8221;-1px&#8221; global_colors_info=&#8221;{}&#8221;]<\/p>\n<h1>Razredna nastava<\/h1>\n<p>&nbsp;<\/p>\n<p>[\/et_pb_text][et_pb_text _builder_version=&#8221;4.25.0&#8243; _module_preset=&#8221;default&#8221; global_colors_info=&#8221;{}&#8221;]<\/p>\n<p><span>\u0160kolske godine 2025.\/2026. razrednu nastavu poha\u0111a 42 u\u010denika ( 6 u\u010denika u 1.razredu, 14 u\u010denika u 2.razredu, 10 u\u010denika u 3.razredu te 12 u\u010denika u 4.razredu).<\/span><\/p>\n<p>[\/et_pb_text][\/et_pb_column][et_pb_column type=&#8221;1_2&#8243; _builder_version=&#8221;4.25.0&#8243; _module_preset=&#8221;default&#8221; global_colors_info=&#8221;{}&#8221;][\/et_pb_column][\/et_pb_row][et_pb_row _builder_version=&#8221;4.25.0&#8243; _module_preset=&#8221;default&#8221; global_colors_info=&#8221;{}&#8221;][et_pb_column type=&#8221;4_4&#8243; _builder_version=&#8221;4.25.0&#8243; _module_preset=&#8221;default&#8221; global_colors_info=&#8221;{}&#8221;][et_pb_text _builder_version=&#8221;4.25.0&#8243; _module_preset=&#8221;71f4382d-4540-408c-95b9-a51adfd9f153&#8243; text_orientation=&#8221;center&#8221; custom_padding=&#8221;0px|||||&#8221; global_colors_info=&#8221;{}&#8221;]<\/p>\n<h2>Vijesti razredne nastave<\/h2>\n<p>[\/et_pb_text][\/et_pb_column][\/et_pb_row][et_pb_row _builder_version=&#8221;4.25.0&#8243; _module_preset=&#8221;default&#8221; custom_margin=&#8221;|auto||17px||&#8221; custom_padding=&#8221;|21px||||&#8221; global_colors_info=&#8221;{}&#8221;][et_pb_column type=&#8221;4_4&#8243; _builder_version=&#8221;4.25.0&#8243; _module_preset=&#8221;default&#8221; global_colors_info=&#8221;{}&#8221;][et_pb_blog posts_number=&#8221;6&#8243; include_categories=&#8221;72&#8243; show_pagination=&#8221;off&#8221; _builder_version=&#8221;4.25.0&#8243; _module_preset=&#8221;2731d953-3023-43d5-bc6e-b9216a8f3cca&#8221; meta_text_color=&#8221;#7CDA24&#8243; box_shadow_style=&#8221;preset4&#8243; box_shadow_horizontal=&#8221;20px&#8221; box_shadow_vertical=&#8221;20px&#8221; box_shadow_color=&#8221;gcid-f0b81583-c55e-43e8-91ce-43dd9fe19dec&#8221; locked=&#8221;off&#8221; global_colors_info=&#8221;{%22gcid-93e3f830-9462-456c-bf95-d424ca32e812%22:%91%22header_text_color%22,%22header_text_color%22,%22header_text_color%22,%22body_text_color%22%93,%22gcid-f0b81583-c55e-43e8-91ce-43dd9fe19dec%22:%91%22header_text_color%22,%22read_more_text_color%22,%22pagination_text_color%22,%22header_text_color%22,%22read_more_text_color%22,%22pagination_text_color%22,%22box_shadow_color%22%93,%22gcid-003c4999-eec4-4ca4-a311-f313d47ae6c2%22:%91%22box_shadow_color%22,%22box_shadow_color%22%93}&#8221;][\/et_pb_blog][\/et_pb_column][\/et_pb_row][\/et_pb_section]<\/p>\n","protected":false},"excerpt":{"rendered":"<p>Razredna nastava &nbsp;\u0160kolske godine 2025.\/2026. razrednu nastavu poha\u0111a 42 u\u010denika ( 6 u\u010denika u 1.razredu, 14 u\u010denika u 2.razredu, 10 u\u010denika u 3.razredu te 12 u\u010denika u 4.razredu).Vijesti razredne nastave<\/p>\n","protected":false},"author":0,"featured_media":0,"parent":0,"menu_order":0,"comment_status":"closed","ping_status":"closed","template":"","meta":{"_et_pb_use_builder":"on","_et_pb_old_content":"<!-- wp:divi\/placeholder \/-->","_et_gb_content_width":"","footnotes":""},"class_list":["post-92","page","type-page","status-publish","hentry"],"_links":{"self":[{"href":"https:\/\/os-svetvincenat.skole.hr\/index.php?rest_route=\/wp\/v2\/pages\/92","targetHints":{"allow":["GET"]}}],"collection":[{"href":"https:\/\/os-svetvincenat.skole.hr\/index.php?rest_route=\/wp\/v2\/pages"}],"about":[{"href":"https:\/\/os-svetvincenat.skole.hr\/index.php?rest_route=\/wp\/v2\/types\/page"}],"replies":[{"embeddable":true,"href":"https:\/\/os-svetvincenat.skole.hr\/index.php?rest_route=%2Fwp%2Fv2%2Fcomments&post=92"}],"version-history":[{"count":11,"href":"https:\/\/os-svetvincenat.skole.hr\/index.php?rest_route=\/wp\/v2\/pages\/92\/revisions"}],"predecessor-version":[{"id":297051,"href":"https:\/\/os-svetvincenat.skole.hr\/index.php?rest_route=\/wp\/v2\/pages\/92\/revisions\/297051"}],"wp:attachment":[{"href":"https:\/\/os-svetvincenat.skole.hr\/index.php?rest_route=%2Fwp%2Fv2%2Fmedia&parent=92"}],"curies":[{"name":"wp","href":"https:\/\/api.w.org\/{rel}","templated":true}]}}