{"id":62,"date":"2023-07-28T22:06:38","date_gmt":"2023-07-28T20:06:38","guid":{"rendered":"https:\/\/os-svetvincenat.skole.hr\/?page_id=62"},"modified":"2025-11-02T20:56:18","modified_gmt":"2025-11-02T19:56:18","slug":"knjiznica","status":"publish","type":"page","link":"https:\/\/os-svetvincenat.skole.hr\/?page_id=62","title":{"rendered":"Knji\u017enica"},"content":{"rendered":"<p>[et_pb_section fb_built=&#8221;1&#8243; custom_padding_last_edited=&#8221;on|tablet&#8221; admin_label=&#8221;Header&#8221; _builder_version=&#8221;4.22.0&#8243; _module_preset=&#8221;default&#8221; background_color=&#8221;gcid-dc7481a9-d70d-4c29-b152-17b0ba30940e&#8221; background_image=&#8221;https:\/\/os-svetvincenat.skole.hr\/wp-content\/uploads\/sites\/2697\/2025\/11\/book-store-68.png&#8221; background_size=&#8221;initial&#8221; background_position=&#8221;top_center&#8221; custom_padding=&#8221;100px||||false|false&#8221; custom_padding_tablet=&#8221;60px||||false|false&#8221; custom_padding_phone=&#8221;60px||||false|false&#8221; collapsed=&#8221;on&#8221; global_colors_info=&#8221;{%22gcid-dc7481a9-d70d-4c29-b152-17b0ba30940e%22:%91%22background_color%22%93}&#8221;][et_pb_row column_structure=&#8221;1_2,1_2&#8243; custom_padding_last_edited=&#8221;on|tablet&#8221; _builder_version=&#8221;4.22.0&#8243; _module_preset=&#8221;default&#8221; background_color=&#8221;gcid-39c39fce-5264-4a4c-9266-982a8a79f610&#8243; custom_padding=&#8221;60px|60px|60px|60px|true|true&#8221; custom_padding_tablet=&#8221;30px|30px|30px|30px|true|true&#8221; custom_padding_phone=&#8221;20px|20px|20px|20px|true|true&#8221; border_color_all=&#8221;gcid-dc7481a9-d70d-4c29-b152-17b0ba30940e&#8221; border_width_right=&#8221;20px&#8221; border_width_bottom=&#8221;20px&#8221; box_shadow_style=&#8221;preset4&#8243; box_shadow_horizontal=&#8221;20px&#8221; box_shadow_vertical=&#8221;20px&#8221; box_shadow_color=&#8221;gcid-e428b4a0-8f75-478b-bc91-d4c919946667&#8243; global_colors_info=&#8221;{%22gcid-39c39fce-5264-4a4c-9266-982a8a79f610%22:%91%22background_color%22%93,%22gcid-dc7481a9-d70d-4c29-b152-17b0ba30940e%22:%91%22border_color_all%22%93,%22gcid-e428b4a0-8f75-478b-bc91-d4c919946667%22:%91%22box_shadow_color%22%93}&#8221;][et_pb_column type=&#8221;1_2&#8243; _builder_version=&#8221;4.22.0&#8243; _module_preset=&#8221;default&#8221; custom_padding=&#8221;60px||||false|false&#8221; custom_padding_tablet=&#8221;0vw||||false|false&#8221; custom_padding_phone=&#8221;0vw||||false|false&#8221; custom_padding_last_edited=&#8221;on|desktop&#8221; global_colors_info=&#8221;{}&#8221;][et_pb_text _builder_version=&#8221;4.25.0&#8243; _module_preset=&#8221;c46b58f6-96a9-452c-ae62-c1d74cc15ab4&#8243; header_text_color=&#8221;#FFFFFF&#8221; custom_margin=&#8221;||10px||false|false&#8221; global_colors_info=&#8221;{}&#8221;]<\/p>\n<h1>\u0160kolska knji\u017enica<\/h1>\n<p>[\/et_pb_text][et_pb_text _builder_version=&#8221;4.25.0&#8243; _module_preset=&#8221;06db04f0-42fc-4460-b773-b552b806e6ab&#8221; text_text_color=&#8221;#FFFFFF&#8221; global_colors_info=&#8221;{}&#8221;]<\/p>\n<p><span>\u0160kolska se knji\u017enica nalazi se na samom ulazu u \u0161kolu. Korisnicima knji\u017enice na raspolaganju je prostor u kojem je smje\u0161tena knji\u017ena gra\u0111a za obaveznu i slobodnu lektiru, stru\u010dna gra\u0111a, referentna zbirka, zavi\u010dajna zbirka, knjige na stranim jezicima (engleskom i talijanskom), \u010dasopisi i novine za djecu i odrasle, multimedijalna zbirka namijenjena prvenstveno medijskoj kulturi hrvatskoga jezika, ali i zabavi u\u010denika.<\/span><\/p>\n<p>[\/et_pb_text][\/et_pb_column][et_pb_column type=&#8221;1_2&#8243; _builder_version=&#8221;4.21.0&#8243; _module_preset=&#8221;default&#8221; global_colors_info=&#8221;{}&#8221;][et_pb_image src=&#8221;https:\/\/os-svetvincenat.skole.hr\/wp-content\/uploads\/sites\/2697\/2025\/11\/knjige.jpg&#8221; title_text=&#8221;knjige&#8221; _builder_version=&#8221;4.25.0&#8243; _module_preset=&#8221;default&#8221; background_color=&#8221;#d65c46&#8243; custom_margin=&#8221;-100px||||false|false&#8221; custom_margin_tablet=&#8221;0vw|-30px||-30px|false|true&#8221; custom_margin_phone=&#8221;0vw|-20px||-20px|false|true&#8221; custom_margin_last_edited=&#8221;on|tablet&#8221; custom_padding=&#8221;10%|10%|10%|10%|true|true&#8221; border_radii=&#8221;on|5px|5px|5px|5px&#8221; box_shadow_style=&#8221;preset4&#8243; box_shadow_horizontal=&#8221;20px&#8221; box_shadow_vertical=&#8221;20px&#8221; box_shadow_blur=&#8221;40px&#8221; box_shadow_color=&#8221;rgba(0,0,0,0.2)&#8221; global_colors_info=&#8221;{}&#8221;][\/et_pb_image][et_pb_text _builder_version=&#8221;4.25.0&#8243; _module_preset=&#8221;52138e14-99c7-4ac9-a476-a91f4a0bc499&#8243; header_5_text_color=&#8221;#FFFFFF&#8221; custom_margin=&#8221;||0px||false|false&#8221; global_colors_info=&#8221;{}&#8221;]<\/p>\n<h5>Radno vrijeme<\/h5>\n<p>[\/et_pb_text][et_pb_text _builder_version=&#8221;4.25.0&#8243; _module_preset=&#8221;06db04f0-42fc-4460-b773-b552b806e6ab&#8221; text_text_color=&#8221;#FFFFFF&#8221; global_colors_info=&#8221;{}&#8221;]<\/p>\n<p>Radno vrijeme \u0161kolske knji\u017enice:<\/p>\n<p>\u2013 ponedjeljak, srijeda i svaki drugi petak od 8:00 do 14:00<\/p>\n<p>[\/et_pb_text][\/et_pb_column][\/et_pb_row][\/et_pb_section][et_pb_section fb_built=&#8221;1&#8243; admin_label=&#8221;Call to Action&#8221; _builder_version=&#8221;4.21.0&#8243; _module_preset=&#8221;default&#8221; background_color=&#8221;gcid-dc7481a9-d70d-4c29-b152-17b0ba30940e&#8221; collapsed=&#8221;on&#8221; global_colors_info=&#8221;{%22gcid-dc7481a9-d70d-4c29-b152-17b0ba30940e%22:%91%22background_color%22%93}&#8221;][et_pb_row column_structure=&#8221;1_2,1_2&#8243; _builder_version=&#8221;4.21.0&#8243; _module_preset=&#8221;default&#8221; custom_padding=&#8221;||0px|||&#8221; global_colors_info=&#8221;{}&#8221;][et_pb_column type=&#8221;1_2&#8243; _builder_version=&#8221;4.21.0&#8243; _module_preset=&#8221;default&#8221; global_colors_info=&#8221;{}&#8221;][et_pb_text _builder_version=&#8221;4.25.0&#8243; _module_preset=&#8221;71f4382d-4540-408c-95b9-a51adfd9f153&#8243; text_font_size=&#8221;20px&#8221; header_2_font_size=&#8221;61px&#8221; header_3_font=&#8221;|||on|on||||&#8221; global_colors_info=&#8221;{}&#8221;]<\/p>\n<h3>Usluge knji\u017enice<\/h3>\n<p><span>Korisnici knji\u017enice su svi u\u010denici i djelatnici na\u0161e \u0161kole koji u knji\u017enici mogu:<\/span><\/p>\n<ul>\n<li><span>posuditi knjige<\/span><\/li>\n<li><span>\u010ditati knjige<\/span><\/li>\n<li><span>slu\u017eiti se enciklopedijama i rje\u010dnicima<\/span><\/li>\n<li><span>odigrati neku dru\u0161tvenu igru<\/span><\/li>\n<li><span>u\u010diti<\/span><\/li>\n<li><span>dru\u017eiti se<\/span><\/li>\n<li><span>pisati doma\u0107u zada\u0107u<\/span><\/li>\n<li><span>raditi na projektima<\/span><\/li>\n<li><span>prou\u010davati slikovnice, \u010dasopise i drugu knji\u017enu zbirku<\/span><\/li>\n<\/ul>\n<p>[\/et_pb_text][\/et_pb_column][et_pb_column type=&#8221;1_2&#8243; _builder_version=&#8221;4.21.0&#8243; _module_preset=&#8221;default&#8221; global_colors_info=&#8221;{}&#8221;][et_pb_text _builder_version=&#8221;4.25.0&#8243; _module_preset=&#8221;06db04f0-42fc-4460-b773-b552b806e6ab&#8221; text_font_size=&#8221;19px&#8221; global_colors_info=&#8221;{}&#8221;]<\/p>\n<p><span>Svaki \u010dlan \u0161kolske knji\u017enice knjige mo\u017ee posuditi tako \u0161to prilo\u017ei svoju \u010dlansku iskaznicu. Posu\u0111ene knjige mora \u010duvati i vratiti u stanju u kojem su bile kada ih je posudio. Uvjete posudbe \u010dlan dogovara zajedno sa \u0161kolskom knji\u017eni\u010darkom.<\/span><\/p>\n<p>[\/et_pb_text][et_pb_image src=&#8221;https:\/\/os-svetvincenat.skole.hr\/wp-content\/uploads\/sites\/2697\/2025\/11\/book-store-61.png&#8221; title_text=&#8221;book-store-61&#8243; _builder_version=&#8221;4.22.0&#8243; _module_preset=&#8221;default&#8221; width=&#8221;30%&#8221; module_alignment=&#8221;right&#8221; global_colors_info=&#8221;{}&#8221;][\/et_pb_image][\/et_pb_column][\/et_pb_row][\/et_pb_section][et_pb_section fb_built=&#8221;1&#8243; admin_label=&#8221;Blog&#8221; _builder_version=&#8221;4.21.0&#8243; _module_preset=&#8221;default&#8221; background_color=&#8221;gcid-dc7481a9-d70d-4c29-b152-17b0ba30940e&#8221; custom_padding=&#8221;2px|||||&#8221; collapsed=&#8221;on&#8221; global_colors_info=&#8221;{%22gcid-dc7481a9-d70d-4c29-b152-17b0ba30940e%22:%91%22background_color%22%93}&#8221;][et_pb_row _builder_version=&#8221;4.21.0&#8243; _module_preset=&#8221;default&#8221; global_colors_info=&#8221;{}&#8221;][et_pb_column type=&#8221;4_4&#8243; _builder_version=&#8221;4.21.0&#8243; _module_preset=&#8221;default&#8221; global_colors_info=&#8221;{}&#8221;][et_pb_image src=&#8221;https:\/\/os-svetvincenat.skole.hr\/wp-content\/uploads\/sites\/2697\/2025\/11\/book-store-62.png&#8221; title_text=&#8221;book-store-62&#8243; align=&#8221;center&#8221; _builder_version=&#8221;4.22.0&#8243; _module_preset=&#8221;default&#8221; max_width=&#8221;80px&#8221; max_height=&#8221;140px&#8221; global_colors_info=&#8221;{}&#8221;][\/et_pb_image][et_pb_text _builder_version=&#8221;4.25.0&#8243; _module_preset=&#8221;71f4382d-4540-408c-95b9-a51adfd9f153&#8243; text_orientation=&#8221;center&#8221; global_colors_info=&#8221;{}&#8221;]<\/p>\n<h2>Novosti knji\u017enice<\/h2>\n<p>[\/et_pb_text][et_pb_blog posts_number=&#8221;3&#8243; include_categories=&#8221;66&#8243; show_pagination=&#8221;off&#8221; _builder_version=&#8221;4.25.0&#8243; _module_preset=&#8221;2731d953-3023-43d5-bc6e-b9216a8f3cca&#8221; box_shadow_style=&#8221;preset4&#8243; box_shadow_horizontal=&#8221;20px&#8221; box_shadow_vertical=&#8221;20px&#8221; box_shadow_color=&#8221;gcid-f0b81583-c55e-43e8-91ce-43dd9fe19dec&#8221; locked=&#8221;off&#8221; global_colors_info=&#8221;{%22gcid-93e3f830-9462-456c-bf95-d424ca32e812%22:%91%22header_text_color%22,%22body_text_color%22%93,%22gcid-0ab8503d-33f1-4559-b22f-9ac05b69461d%22:%91%22meta_text_color%22%93,%22gcid-f0b81583-c55e-43e8-91ce-43dd9fe19dec%22:%91%22box_shadow_color%22%93}&#8221;][\/et_pb_blog][et_pb_button button_text=&#8221;Pro\u010ditaj vi\u0161e&#8221; button_alignment=&#8221;center&#8221; _builder_version=&#8221;4.25.0&#8243; _module_preset=&#8221;5766cef2-13a9-4d48-bbb3-af52d7c104a8&#8243; global_colors_info=&#8221;{}&#8221;][\/et_pb_button][\/et_pb_column][\/et_pb_row][\/et_pb_section]<\/p>\n","protected":false},"excerpt":{"rendered":"<p>\u0160kolska knji\u017enica\u0160kolska se knji\u017enica nalazi se na samom ulazu u \u0161kolu. Korisnicima knji\u017enice na raspolaganju je prostor u kojem je smje\u0161tena knji\u017ena gra\u0111a za obaveznu i slobodnu lektiru, stru\u010dna gra\u0111a, referentna zbirka, zavi\u010dajna zbirka, knjige na stranim jezicima (engleskom i talijanskom), \u010dasopisi i novine za djecu i odrasle, multimedijalna zbirka namijenjena prvenstveno medijskoj kulturi hrvatskoga [&hellip;]<\/p>\n","protected":false},"author":0,"featured_media":0,"parent":0,"menu_order":0,"comment_status":"closed","ping_status":"closed","template":"","meta":{"_et_pb_use_builder":"on","_et_pb_old_content":"<!-- wp:divi\/placeholder \/-->","_et_gb_content_width":"","footnotes":""},"class_list":["post-62","page","type-page","status-publish","hentry"],"_links":{"self":[{"href":"https:\/\/os-svetvincenat.skole.hr\/index.php?rest_route=\/wp\/v2\/pages\/62","targetHints":{"allow":["GET"]}}],"collection":[{"href":"https:\/\/os-svetvincenat.skole.hr\/index.php?rest_route=\/wp\/v2\/pages"}],"about":[{"href":"https:\/\/os-svetvincenat.skole.hr\/index.php?rest_route=\/wp\/v2\/types\/page"}],"replies":[{"embeddable":true,"href":"https:\/\/os-svetvincenat.skole.hr\/index.php?rest_route=%2Fwp%2Fv2%2Fcomments&post=62"}],"version-history":[{"count":6,"href":"https:\/\/os-svetvincenat.skole.hr\/index.php?rest_route=\/wp\/v2\/pages\/62\/revisions"}],"predecessor-version":[{"id":296586,"href":"https:\/\/os-svetvincenat.skole.hr\/index.php?rest_route=\/wp\/v2\/pages\/62\/revisions\/296586"}],"wp:attachment":[{"href":"https:\/\/os-svetvincenat.skole.hr\/index.php?rest_route=%2Fwp%2Fv2%2Fmedia&parent=62"}],"curies":[{"name":"wp","href":"https:\/\/api.w.org\/{rel}","templated":true}]}}