{"id":293169,"date":"2024-09-04T18:50:11","date_gmt":"2024-09-04T16:50:11","guid":{"rendered":"https:\/\/os-svetvincenat.skole.hr\/?page_id=293169"},"modified":"2025-11-02T20:08:14","modified_gmt":"2025-11-02T19:08:14","slug":"vijece-radnika","status":"publish","type":"page","link":"https:\/\/os-svetvincenat.skole.hr\/?page_id=293169","title":{"rendered":"Vije\u0107e radnika"},"content":{"rendered":"<p>[et_pb_section fb_built=&#8221;1&#8243; _builder_version=&#8221;4.25.0&#8243; _module_preset=&#8221;default&#8221; global_colors_info=&#8221;{}&#8221;][et_pb_row _builder_version=&#8221;4.25.0&#8243; _module_preset=&#8221;default&#8221; global_colors_info=&#8221;{}&#8221;][et_pb_column type=&#8221;4_4&#8243; _builder_version=&#8221;4.25.0&#8243; _module_preset=&#8221;default&#8221; global_colors_info=&#8221;{}&#8221;][et_pb_text _builder_version=&#8221;4.25.0&#8243; text_font=&#8221;||||||||&#8221; text_font_size=&#8221;1px&#8221; text_line_height=&#8221;1em&#8221; header_font=&#8221;EB Garamond|||||||#0C71C3|solid&#8221; header_text_align=&#8221;center&#8221; header_text_color=&#8221;rgba(0,0,0,0.65)&#8221; header_font_size=&#8221;57px&#8221; header_line_height=&#8221;1.3em&#8221; background_color=&#8221;rgba(12,113,195,0.45)&#8221; max_width=&#8221;600px&#8221; custom_margin=&#8221;-41px|||||&#8221; hover_enabled=&#8221;0&#8243; text_font_size_tablet=&#8221;&#8221; text_font_size_phone=&#8221;15px&#8221; text_font_size_last_edited=&#8221;on|phone&#8221; text_line_height_tablet=&#8221;&#8221; text_line_height_phone=&#8221;1.6em&#8221; text_line_height_last_edited=&#8221;on|phone&#8221; header_font_size_tablet=&#8221;50px&#8221; header_font_size_phone=&#8221;32px&#8221; box_shadow_style=&#8221;preset1&#8243; box_shadow_horizontal=&#8221;-21px&#8221; box_shadow_vertical=&#8221;-2px&#8221; box_shadow_blur=&#8221;27px&#8221; box_shadow_spread=&#8221;-1px&#8221; global_colors_info=&#8221;{}&#8221; theme_builder_area=&#8221;post_content&#8221; sticky_enabled=&#8221;0&#8243;]<\/p>\n<h1>Vije\u0107e radnika<\/h1>\n<p>&nbsp;<\/p>\n<p>[\/et_pb_text][et_pb_toggle title=&#8221;Izbori&#8221; icon_color=&#8221;#0C71C3&#8243; _builder_version=&#8221;4.25.0&#8243; _module_preset=&#8221;default&#8221; global_colors_info=&#8221;{}&#8221;]<\/p>\n<p><a href=\"https:\/\/os-svetvincenat.skole.hr\/wp-content\/uploads\/sites\/2697\/2025\/03\/Prijedlog-za-izbor-predstavnika-radnika-u-SO-i-Poziv.pdf\" rel=\"attachment wp-att-294912\">Prijedlog za izbor predstavnika radnika u \u0160O i Poziv<\/a>\u00a0 ( 17.03.2025.)<\/p>\n<p><a href=\"https:\/\/os-svetvincenat.skole.hr\/wp-content\/uploads\/sites\/2697\/2025\/04\/Izbor-radnika-u-SO.pdf\" rel=\"attachment wp-att-294957\">Izbor radnika u \u0160O<\/a> ( 02.04.2025.)<\/p>\n<p><a href=\"https:\/\/os-svetvincenat.skole.hr\/wp-content\/uploads\/sites\/2697\/2025\/04\/Zapisnik-o-prethodnim-izborima-predstavnika-radnika-u-SO-15.4.2025.pdf\" rel=\"attachment wp-att-295044\">Zapisnik o prethodnim izborima predstavnika radnika u \u0160O 15.4.2025<\/a><\/p>\n<p><a href=\"https:\/\/os-svetvincenat.skole.hr\/wp-content\/uploads\/sites\/2697\/2025\/04\/Zapisnik-o-konacnim-rezultatima-izbora-za-predstavnika-RV-22.4.2025.pdf\" rel=\"attachment wp-att-295050\">Zapisnik o kona\u010dnim rezultatima izbora za predstavnika RV 22.4.2025.<\/a><\/p>\n<p><a href=\"https:\/\/os-svetvincenat.skole.hr\/wp-content\/uploads\/sites\/2697\/2025\/05\/Odluka-o-imenovanju-predstavnika-radnika-clanom-SO.pdf\" rel=\"attachment wp-att-295146\">Odluka o imenovanju predstavnika radnika \u010dlanom \u0160O<\/a> ( 25.4.2025.)<\/p>\n<p>[\/et_pb_toggle][\/et_pb_column][\/et_pb_row][\/et_pb_section]<\/p>\n","protected":false},"excerpt":{"rendered":"<p>Vije\u0107e radnika &nbsp;Prijedlog za izbor predstavnika radnika u \u0160O i Poziv\u00a0 ( 17.03.2025.) Izbor radnika u \u0160O ( 02.04.2025.) Zapisnik o prethodnim izborima predstavnika radnika u \u0160O 15.4.2025 Zapisnik o kona\u010dnim rezultatima izbora za predstavnika RV 22.4.2025. Odluka o imenovanju predstavnika radnika \u010dlanom \u0160O ( 25.4.2025.)<\/p>\n","protected":false},"author":6002,"featured_media":0,"parent":44,"menu_order":0,"comment_status":"closed","ping_status":"closed","template":"","meta":{"_et_pb_use_builder":"on","_et_pb_old_content":"<!-- wp:divi\/placeholder \/-->","_et_gb_content_width":"","footnotes":""},"class_list":["post-293169","page","type-page","status-publish","hentry"],"_links":{"self":[{"href":"https:\/\/os-svetvincenat.skole.hr\/index.php?rest_route=\/wp\/v2\/pages\/293169","targetHints":{"allow":["GET"]}}],"collection":[{"href":"https:\/\/os-svetvincenat.skole.hr\/index.php?rest_route=\/wp\/v2\/pages"}],"about":[{"href":"https:\/\/os-svetvincenat.skole.hr\/index.php?rest_route=\/wp\/v2\/types\/page"}],"author":[{"embeddable":true,"href":"https:\/\/os-svetvincenat.skole.hr\/index.php?rest_route=\/wp\/v2\/users\/6002"}],"replies":[{"embeddable":true,"href":"https:\/\/os-svetvincenat.skole.hr\/index.php?rest_route=%2Fwp%2Fv2%2Fcomments&post=293169"}],"version-history":[{"count":8,"href":"https:\/\/os-svetvincenat.skole.hr\/index.php?rest_route=\/wp\/v2\/pages\/293169\/revisions"}],"predecessor-version":[{"id":296478,"href":"https:\/\/os-svetvincenat.skole.hr\/index.php?rest_route=\/wp\/v2\/pages\/293169\/revisions\/296478"}],"up":[{"embeddable":true,"href":"https:\/\/os-svetvincenat.skole.hr\/index.php?rest_route=\/wp\/v2\/pages\/44"}],"wp:attachment":[{"href":"https:\/\/os-svetvincenat.skole.hr\/index.php?rest_route=%2Fwp%2Fv2%2Fmedia&parent=293169"}],"curies":[{"name":"wp","href":"https:\/\/api.w.org\/{rel}","templated":true}]}}