{"id":293151,"date":"2024-09-04T18:46:29","date_gmt":"2024-09-04T16:46:29","guid":{"rendered":"https:\/\/os-svetvincenat.skole.hr\/?page_id=293151"},"modified":"2026-01-25T11:08:26","modified_gmt":"2026-01-25T10:08:26","slug":"skolski-plan-i-program","status":"publish","type":"page","link":"https:\/\/os-svetvincenat.skole.hr\/?page_id=293151","title":{"rendered":"\u0160kolski kurikulum i Godi\u0161nji plan i program"},"content":{"rendered":"<p>[et_pb_section fb_built=&#8221;1&#8243; _builder_version=&#8221;4.25.0&#8243; _module_preset=&#8221;default&#8221; global_colors_info=&#8221;{}&#8221;][et_pb_row _builder_version=&#8221;4.25.0&#8243; _module_preset=&#8221;default&#8221; global_colors_info=&#8221;{}&#8221;][et_pb_column type=&#8221;4_4&#8243; _builder_version=&#8221;4.25.0&#8243; _module_preset=&#8221;default&#8221; global_colors_info=&#8221;{}&#8221;][et_pb_text _builder_version=&#8221;4.25.0&#8243; text_font=&#8221;||||||||&#8221; text_font_size=&#8221;1px&#8221; text_line_height=&#8221;1em&#8221; header_font=&#8221;EB Garamond|||||||#0C71C3|solid&#8221; header_text_align=&#8221;center&#8221; header_text_color=&#8221;rgba(0,0,0,0.65)&#8221; header_font_size=&#8221;57px&#8221; header_line_height=&#8221;1.3em&#8221; background_color=&#8221;#eeef8d&#8221; max_width=&#8221;1103px&#8221; custom_margin=&#8221;-41px|||||&#8221; custom_padding=&#8221;|0px||||&#8221; text_font_size_tablet=&#8221;&#8221; text_font_size_phone=&#8221;15px&#8221; text_font_size_last_edited=&#8221;on|phone&#8221; text_line_height_tablet=&#8221;&#8221; text_line_height_phone=&#8221;1.6em&#8221; text_line_height_last_edited=&#8221;on|phone&#8221; header_font_size_tablet=&#8221;50px&#8221; header_font_size_phone=&#8221;32px&#8221; box_shadow_style=&#8221;preset1&#8243; box_shadow_horizontal=&#8221;-21px&#8221; box_shadow_vertical=&#8221;-2px&#8221; box_shadow_blur=&#8221;27px&#8221; box_shadow_spread=&#8221;-1px&#8221; global_colors_info=&#8221;{}&#8221;]<\/p>\n<h1>\u0160kolski kurikulum i godi\u0161nji plan i program<\/h1>\n<p>&nbsp;<\/p>\n<p>[\/et_pb_text][et_pb_toggle title=&#8221;\u0160KOLSKI KURIKULUM, PLAN I PROGRAM&#8221; icon_color=&#8221;#7CDA24&#8243; _builder_version=&#8221;4.25.0&#8243; _module_preset=&#8221;default&#8221; hover_enabled=&#8221;0&#8243; global_colors_info=&#8221;{}&#8221; sticky_enabled=&#8221;0&#8243;]<\/p>\n<p><a href=\"https:\/\/os-svetvincenat.skole.hr\/wp-content\/uploads\/sites\/2697\/2026\/01\/18OS_KURIK_2025_2026.pdf\" rel=\"attachment wp-att-297330\">\u0160kolski kurikulum 2025.\/2026. Svetvin\u010denat<\/a><\/p>\n<p><a href=\"https:\/\/os-svetvincenat.skole.hr\/wp-content\/uploads\/sites\/2697\/2025\/10\/18OS_Svetvincenat_GPP_2025.pdf\" rel=\"attachment wp-att-296382\">Godi\u0161nji plan i program 2025.\/2026. Svetvin\u010denat<\/a><\/p>\n<p>[\/et_pb_toggle][\/et_pb_column][\/et_pb_row][\/et_pb_section]<\/p>\n","protected":false},"excerpt":{"rendered":"<p>\u0160kolski kurikulum i godi\u0161nji plan i program &nbsp;\u0160kolski kurikulum 2025.\/2026. Svetvin\u010denat Godi\u0161nji plan i program 2025.\/2026. Svetvin\u010denat<\/p>\n","protected":false},"author":6002,"featured_media":0,"parent":122,"menu_order":0,"comment_status":"closed","ping_status":"closed","template":"","meta":{"_et_pb_use_builder":"on","_et_pb_old_content":"<!-- wp:divi\/placeholder \/-->","_et_gb_content_width":"","footnotes":""},"class_list":["post-293151","page","type-page","status-publish","hentry"],"_links":{"self":[{"href":"https:\/\/os-svetvincenat.skole.hr\/index.php?rest_route=\/wp\/v2\/pages\/293151","targetHints":{"allow":["GET"]}}],"collection":[{"href":"https:\/\/os-svetvincenat.skole.hr\/index.php?rest_route=\/wp\/v2\/pages"}],"about":[{"href":"https:\/\/os-svetvincenat.skole.hr\/index.php?rest_route=\/wp\/v2\/types\/page"}],"author":[{"embeddable":true,"href":"https:\/\/os-svetvincenat.skole.hr\/index.php?rest_route=\/wp\/v2\/users\/6002"}],"replies":[{"embeddable":true,"href":"https:\/\/os-svetvincenat.skole.hr\/index.php?rest_route=%2Fwp%2Fv2%2Fcomments&post=293151"}],"version-history":[{"count":9,"href":"https:\/\/os-svetvincenat.skole.hr\/index.php?rest_route=\/wp\/v2\/pages\/293151\/revisions"}],"predecessor-version":[{"id":297336,"href":"https:\/\/os-svetvincenat.skole.hr\/index.php?rest_route=\/wp\/v2\/pages\/293151\/revisions\/297336"}],"up":[{"embeddable":true,"href":"https:\/\/os-svetvincenat.skole.hr\/index.php?rest_route=\/wp\/v2\/pages\/122"}],"wp:attachment":[{"href":"https:\/\/os-svetvincenat.skole.hr\/index.php?rest_route=%2Fwp%2Fv2%2Fmedia&parent=293151"}],"curies":[{"name":"wp","href":"https:\/\/api.w.org\/{rel}","templated":true}]}}