{"id":26,"date":"2023-07-28T22:03:41","date_gmt":"2023-07-28T20:03:41","guid":{"rendered":"https:\/\/os-svetvincenat.skole.hr\/?page_id=26"},"modified":"2025-10-27T08:48:20","modified_gmt":"2025-10-27T07:48:20","slug":"ravnatelj-ica","status":"publish","type":"page","link":"https:\/\/os-svetvincenat.skole.hr\/?page_id=26","title":{"rendered":"Djelatnici \u0161kole"},"content":{"rendered":"<p>[et_pb_section fb_built=&#8221;1&#8243; _builder_version=&#8221;4.25.0&#8243; _module_preset=&#8221;default&#8221; background_color=&#8221;#FFFFFF&#8221; hover_enabled=&#8221;0&#8243; global_colors_info=&#8221;{}&#8221; sticky_enabled=&#8221;0&#8243;][et_pb_row _builder_version=&#8221;4.25.0&#8243; _module_preset=&#8221;default&#8221; global_colors_info=&#8221;{}&#8221;][et_pb_column type=&#8221;4_4&#8243; _builder_version=&#8221;4.25.0&#8243; _module_preset=&#8221;default&#8221; global_colors_info=&#8221;{}&#8221;][et_pb_text _builder_version=&#8221;4.25.0&#8243; text_font=&#8221;||||||||&#8221; text_font_size=&#8221;1px&#8221; text_line_height=&#8221;1em&#8221; header_font=&#8221;EB Garamond|||||||#0C71C3|solid&#8221; header_text_align=&#8221;center&#8221; header_text_color=&#8221;rgba(0,0,0,0.65)&#8221; header_font_size=&#8221;57px&#8221; header_line_height=&#8221;1.3em&#8221; background_color=&#8221;#e0c282&#8243; max_width=&#8221;600px&#8221; custom_margin=&#8221;-41px|||||&#8221; hover_enabled=&#8221;0&#8243; text_font_size_tablet=&#8221;&#8221; text_font_size_phone=&#8221;15px&#8221; text_font_size_last_edited=&#8221;on|phone&#8221; text_line_height_tablet=&#8221;&#8221; text_line_height_phone=&#8221;1.6em&#8221; text_line_height_last_edited=&#8221;on|phone&#8221; header_font_size_tablet=&#8221;50px&#8221; header_font_size_phone=&#8221;32px&#8221; box_shadow_style=&#8221;preset1&#8243; box_shadow_horizontal=&#8221;-21px&#8221; box_shadow_vertical=&#8221;-2px&#8221; box_shadow_blur=&#8221;27px&#8221; box_shadow_spread=&#8221;-1px&#8221; global_colors_info=&#8221;{}&#8221; theme_builder_area=&#8221;post_content&#8221; sticky_enabled=&#8221;0&#8243;]<\/p>\n<h1>Zaposlenici \u0161kole<\/h1>\n<p>&nbsp;<\/p>\n<p>[\/et_pb_text][et_pb_text _builder_version=&#8221;4.25.0&#8243; _module_preset=&#8221;default&#8221; hover_enabled=&#8221;0&#8243; global_colors_info=&#8221;{}&#8221; custom_padding=&#8221;16px|||||&#8221; sticky_enabled=&#8221;0&#8243;]<\/p>\n<p style=\"text-align: left\"><span><strong>Ravnateljica i stru\u010dni suradnici:<\/strong><\/span><\/p>\n<p><span>Ravnateljica: Silvija Jeromela Obrovac<br \/>Pedagoginja: Ljiljana Matija\u0161<br \/>Psihologinja: Marina \u017dupan<br \/>Knji\u017eni\u010darka: Tatjana \u0160u\u0161nica Reli\u0107<\/span><\/p>\n<p><span><strong>U\u010diteljice razredne nastave:<\/strong><\/span><\/p>\n<p><span>Silvia Nadeni\u0107, Gordana Butkovi\u0107, Marina Trogrli\u0107, Tatjana Orli\u0107<\/span><\/p>\n<p><span><strong>U\u010diteljica u produ\u017eenom boravku:\u00a0<\/strong>Sara Nemani\u0107<\/span><\/p>\n<p><span><strong>U\u010ditelji\/ice\u00a0predmetne nastave:<\/strong><\/span><\/p>\n<p><span>Hrvatski jezik: Maja Mal\u010di\u0107<br \/>Likovna kultura: Lana Predojevi\u0107<br \/>Glazbena kultura: Tea Mu\u017ei\u0107<br \/>Engleski jezik: Ana Radolovi\u0107<br \/>Talijanski jezik (izborni predmet): Sandra Pastrovicchio Luki\u0107, Marko Jeleni\u0107 (zamjena Sandra Pastrovicchio Luki\u0107)<br \/>Matematika: Karla Blaslov Orbani\u0107 (zamjena Diana Jugovac)<br \/>Priroda \/ Biologija: Viviana Kozina (zamjena Kristina Bateli\u0107)<br \/>Kemija: Jelena Baka\u010d<br \/>Povijest: Nina Bren\u010di\u0107 Ban<br \/>Fizika: Slobodanka Prica<br \/>Geografija: Tina Bu\u017eleta \u010cehi\u0107<br \/>Tehni\u010dka kultura: Gordana Mazzi<br \/>Tjelesna i zdrastvena kultura: Kristina Prhat (zamjene Doris Belu\u0161i\u0107 i Tereza Vretenar)<br \/>Informatika: Denis Jambro\u0161i\u0107, Ivor Ku\u010dek<br \/>Vjeronauk: Helga Vrh<\/span><\/p>\n<p>&nbsp;<\/p>\n<p><span><strong>Tehni\u010dko i administrativno osoblje:<\/strong><\/span><\/p>\n<p><span>Gordana Folo, tajnica<br \/>Tina Bubi\u0107 Kos, ra\u010dunovo\u0111a<br \/>Jadranka Zulijan,\u00a0kuharica<\/span><\/p>\n<p><span>Sonja Mari\u0107, pomo\u0107na kuharica<br \/>Milan Puh, ku\u0107ni majstor i lo\u017ea\u010d<br \/>Jasna Galant, sprema\u010dica<\/span><\/p>\n<p>[\/et_pb_text][\/et_pb_column][\/et_pb_row][\/et_pb_section]<\/p>\n","protected":false},"excerpt":{"rendered":"<p>Zaposlenici \u0161kole &nbsp;Ravnateljica i stru\u010dni suradnici: Ravnateljica: Silvija Jeromela ObrovacPedagoginja: Ljiljana Matija\u0161Psihologinja: Marina \u017dupanKnji\u017eni\u010darka: Tatjana \u0160u\u0161nica Reli\u0107 U\u010diteljice razredne nastave: Silvia Nadeni\u0107, Gordana Butkovi\u0107, Marina Trogrli\u0107, Tatjana Orli\u0107 U\u010diteljica u produ\u017eenom boravku:\u00a0Sara Nemani\u0107 U\u010ditelji\/ice\u00a0predmetne nastave: Hrvatski jezik: Maja Mal\u010di\u0107Likovna kultura: Lana Predojevi\u0107Glazbena kultura: Tea Mu\u017ei\u0107Engleski jezik: Ana Radolovi\u0107Talijanski jezik (izborni predmet): Sandra Pastrovicchio Luki\u0107, Marko [&hellip;]<\/p>\n","protected":false},"author":5958,"featured_media":0,"parent":0,"menu_order":0,"comment_status":"closed","ping_status":"closed","template":"","meta":{"_et_pb_use_builder":"on","_et_pb_old_content":"<!-- wp:divi\/placeholder \/-->","_et_gb_content_width":"","footnotes":""},"class_list":["post-26","page","type-page","status-publish","hentry"],"_links":{"self":[{"href":"https:\/\/os-svetvincenat.skole.hr\/index.php?rest_route=\/wp\/v2\/pages\/26","targetHints":{"allow":["GET"]}}],"collection":[{"href":"https:\/\/os-svetvincenat.skole.hr\/index.php?rest_route=\/wp\/v2\/pages"}],"about":[{"href":"https:\/\/os-svetvincenat.skole.hr\/index.php?rest_route=\/wp\/v2\/types\/page"}],"author":[{"embeddable":true,"href":"https:\/\/os-svetvincenat.skole.hr\/index.php?rest_route=\/wp\/v2\/users\/5958"}],"replies":[{"embeddable":true,"href":"https:\/\/os-svetvincenat.skole.hr\/index.php?rest_route=%2Fwp%2Fv2%2Fcomments&post=26"}],"version-history":[{"count":7,"href":"https:\/\/os-svetvincenat.skole.hr\/index.php?rest_route=\/wp\/v2\/pages\/26\/revisions"}],"predecessor-version":[{"id":296292,"href":"https:\/\/os-svetvincenat.skole.hr\/index.php?rest_route=\/wp\/v2\/pages\/26\/revisions\/296292"}],"wp:attachment":[{"href":"https:\/\/os-svetvincenat.skole.hr\/index.php?rest_route=%2Fwp%2Fv2%2Fmedia&parent=26"}],"curies":[{"name":"wp","href":"https:\/\/api.w.org\/{rel}","templated":true}]}}