{"id":128,"date":"2023-07-28T22:09:53","date_gmt":"2023-07-28T20:09:53","guid":{"rendered":"https:\/\/os-svetvincenat.skole.hr\/?page_id=128"},"modified":"2025-10-24T10:16:19","modified_gmt":"2025-10-24T08:16:19","slug":"natjecaji","status":"publish","type":"page","link":"https:\/\/os-svetvincenat.skole.hr\/?page_id=128","title":{"rendered":"Natje\u010daji"},"content":{"rendered":"<p>[et_pb_section fb_built=&#8221;1&#8243; custom_padding_last_edited=&#8221;on|desktop&#8221; admin_label=&#8221;Header&#8221; _builder_version=&#8221;4.16&#8243; background_image=&#8221;https:\/\/os-svetvincenat.skole.hr\/wp-content\/uploads\/sites\/2697\/2025\/10\/language-school-07.png&#8221; background_size=&#8221;contain&#8221; background_position=&#8221;top_right&#8221; custom_padding=&#8221;6px||0px||false|false&#8221; custom_padding_tablet=&#8221;140px|0px|50px|0px|false|false&#8221; custom_padding_phone=&#8221;120px|||&#8221; global_colors_info=&#8221;{}&#8221;][\/et_pb_section][et_pb_section fb_built=&#8221;1&#8243; admin_label=&#8221;Courses&#8221; _builder_version=&#8221;4.16&#8243; custom_padding=&#8221;0px|0px|80px|0px|false|false&#8221; global_colors_info=&#8221;{}&#8221;][et_pb_row column_structure=&#8221;1_2,1_2&#8243; _builder_version=&#8221;4.16&#8243; max_width=&#8221;1280px&#8221; hover_enabled=&#8221;0&#8243; use_custom_width=&#8221;on&#8221; custom_width_px=&#8221;1280px&#8221; global_colors_info=&#8221;{}&#8221; custom_padding=&#8221;25px||10px|||&#8221; sticky_enabled=&#8221;0&#8243;][et_pb_column type=&#8221;1_2&#8243; _builder_version=&#8221;4.16&#8243; custom_padding=&#8221;|||&#8221; global_colors_info=&#8221;{}&#8221; custom_padding__hover=&#8221;|||&#8221;][et_pb_text _builder_version=&#8221;4.25.0&#8243; text_font=&#8221;||||||||&#8221; text_font_size=&#8221;1px&#8221; text_line_height=&#8221;1em&#8221; header_font=&#8221;EB Garamond|||||||#0C71C3|solid&#8221; header_text_align=&#8221;center&#8221; header_text_color=&#8221;rgba(0,0,0,0.65)&#8221; header_font_size=&#8221;57px&#8221; header_line_height=&#8221;1.3em&#8221; background_color=&#8221;rgba(0,0,0,0.17)&#8221; max_width=&#8221;600px&#8221; custom_margin=&#8221;-41px|||||&#8221; hover_enabled=&#8221;0&#8243; text_font_size_tablet=&#8221;&#8221; text_font_size_phone=&#8221;15px&#8221; text_font_size_last_edited=&#8221;on|phone&#8221; text_line_height_tablet=&#8221;&#8221; text_line_height_phone=&#8221;1.6em&#8221; text_line_height_last_edited=&#8221;on|phone&#8221; header_font_size_tablet=&#8221;50px&#8221; header_font_size_phone=&#8221;32px&#8221; box_shadow_style=&#8221;preset1&#8243; box_shadow_horizontal=&#8221;-21px&#8221; box_shadow_vertical=&#8221;-2px&#8221; box_shadow_blur=&#8221;27px&#8221; box_shadow_spread=&#8221;-1px&#8221; global_colors_info=&#8221;{}&#8221; theme_builder_area=&#8221;post_content&#8221; custom_padding=&#8221;14px||0px|||&#8221; sticky_enabled=&#8221;0&#8243;]<\/p>\n<h1>Natje\u010daji<\/h1>\n<p>&nbsp;<\/p>\n<p>[\/et_pb_text][\/et_pb_column][et_pb_column type=&#8221;1_2&#8243; _builder_version=&#8221;4.16&#8243; custom_padding=&#8221;|||&#8221; global_colors_info=&#8221;{}&#8221; custom_padding__hover=&#8221;|||&#8221;][\/et_pb_column][\/et_pb_row][et_pb_row column_structure=&#8221;1_2,1_2&#8243; custom_padding_last_edited=&#8221;on|phone&#8221; _builder_version=&#8221;4.16&#8243; background_color=&#8221;#ffffff&#8221; max_width=&#8221;1280px&#8221; custom_padding=&#8221;34px|40px|34px|40px|true|false&#8221; custom_padding_tablet=&#8221;&#8221; custom_padding_phone=&#8221;|20px||20px||true&#8221; animation_style=&#8221;zoom&#8221; animation_intensity_zoom=&#8221;2%&#8221; border_radii=&#8221;on|12px|12px|12px|12px&#8221; box_shadow_style=&#8221;preset1&#8243; box_shadow_vertical=&#8221;50px&#8221; box_shadow_blur=&#8221;80px&#8221; box_shadow_color=&#8221;rgba(15,19,25,0.1)&#8221; use_custom_width=&#8221;on&#8221; custom_width_px=&#8221;1280px&#8221; global_colors_info=&#8221;{}&#8221;][et_pb_column type=&#8221;1_2&#8243; _builder_version=&#8221;4.16&#8243; custom_padding=&#8221;|||&#8221; global_colors_info=&#8221;{}&#8221; custom_padding__hover=&#8221;|||&#8221;][et_pb_text _builder_version=&#8221;4.25.0&#8243; text_font=&#8221;||||||||&#8221; text_font_size=&#8221;15px&#8221; text_line_height=&#8221;2em&#8221; header_font=&#8221;||||||||&#8221; header_2_font=&#8221;||||||||&#8221; header_3_font=&#8221;EB Garamond||||||||&#8221; header_3_font_size=&#8221;24px&#8221; header_3_line_height=&#8221;1.4em&#8221; header_4_font=&#8221;|700||on|||||&#8221; header_4_text_color=&#8221;#ffdaa4&#8243; header_4_font_size=&#8221;12px&#8221; header_4_letter_spacing=&#8221;2px&#8221; header_4_line_height=&#8221;2em&#8221; custom_margin=&#8221;||-34px|||&#8221; link_option_url=&#8221;https:\/\/os-svetvincenat.skole.hr\/?page_id=134&#8243; text_line_height_tablet=&#8221;&#8221; text_line_height_phone=&#8221;1.6em&#8221; text_line_height_last_edited=&#8221;on|phone&#8221; global_colors_info=&#8221;{}&#8221;]<\/p>\n<h3 style=\"text-align: center\">OGLASI ZA POSAO<\/h3>\n<p><span>U kategoriji Oglasi za posao mo\u017eete prona\u0107i objave oglasa za posao te rezultate natje\u010daja.<\/span><\/p>\n<h4><\/h4>\n<p>&nbsp;<\/p>\n<p>[\/et_pb_text][et_pb_image src=&#8221;https:\/\/os-svetvincenat.skole.hr\/wp-content\/uploads\/sites\/2697\/2025\/10\/zaposljavamo.jpg&#8221; title_text=&#8221;zaposljavamo&#8221; url=&#8221;https:\/\/os-svetvincenat.skole.hr\/?page_id=134&#8243; align_tablet=&#8221;center&#8221; align_phone=&#8221;center&#8221; align_last_edited=&#8221;on|desktop&#8221; _builder_version=&#8221;4.25.0&#8243; custom_padding=&#8221;|107px||||&#8221; global_colors_info=&#8221;{}&#8221;][\/et_pb_image][\/et_pb_column][et_pb_column type=&#8221;1_2&#8243; _builder_version=&#8221;4.16&#8243; custom_padding=&#8221;|||&#8221; global_colors_info=&#8221;{}&#8221; custom_padding__hover=&#8221;|||&#8221;][et_pb_text _builder_version=&#8221;4.25.0&#8243; text_font=&#8221;||||||||&#8221; text_font_size=&#8221;15px&#8221; text_line_height=&#8221;2em&#8221; header_font=&#8221;||||||||&#8221; header_2_font=&#8221;||||||||&#8221; header_3_font=&#8221;EB Garamond||||||||&#8221; header_3_font_size=&#8221;24px&#8221; header_3_line_height=&#8221;1.4em&#8221; header_4_font=&#8221;|700||on|||||&#8221; header_4_text_color=&#8221;#ffdaa4&#8243; header_4_font_size=&#8221;12px&#8221; header_4_letter_spacing=&#8221;2px&#8221; header_4_line_height=&#8221;2em&#8221; link_option_url=&#8221;https:\/\/os-svetvincenat.skole.hr\/?page_id=140&#8243; text_line_height_tablet=&#8221;&#8221; text_line_height_phone=&#8221;1.6em&#8221; text_line_height_last_edited=&#8221;on|phone&#8221; locked=&#8221;off&#8221; global_colors_info=&#8221;{}&#8221;]<\/p>\n<h3 style=\"text-align: center\">JAVNI POZIVI<\/h3>\n<p><span>U kategoriji Javni pozivi mo\u017eete prona\u0107i objave i rezultate javnih poziva.\u00a0<\/span><\/p>\n<h4><\/h4>\n<p>&nbsp;<\/p>\n<p>[\/et_pb_text][et_pb_image src=&#8221;https:\/\/os-svetvincenat.skole.hr\/wp-content\/uploads\/sites\/2697\/2025\/10\/javni-pozivi.jpg&#8221; title_text=&#8221;javni pozivi&#8221; url=&#8221;https:\/\/os-svetvincenat.skole.hr\/?page_id=140&#8243; align_tablet=&#8221;center&#8221; align_phone=&#8221;center&#8221; align_last_edited=&#8221;on|desktop&#8221; _builder_version=&#8221;4.25.0&#8243; custom_margin=&#8221;-19px||36px|||&#8221; custom_padding=&#8221;20px||37px|0px||&#8221; locked=&#8221;off&#8221; global_colors_info=&#8221;{}&#8221;][\/et_pb_image][\/et_pb_column][\/et_pb_row][\/et_pb_section]<\/p>\n","protected":false},"excerpt":{"rendered":"<p>Natje\u010daji &nbsp;OGLASI ZA POSAO U kategoriji Oglasi za posao mo\u017eete prona\u0107i objave oglasa za posao te rezultate natje\u010daja. &nbsp;JAVNI POZIVI U kategoriji Javni pozivi mo\u017eete prona\u0107i objave i rezultate javnih poziva.\u00a0 &nbsp;<\/p>\n","protected":false},"author":0,"featured_media":0,"parent":0,"menu_order":0,"comment_status":"closed","ping_status":"closed","template":"","meta":{"_et_pb_use_builder":"on","_et_pb_old_content":"","_et_gb_content_width":"","footnotes":""},"class_list":["post-128","page","type-page","status-publish","hentry"],"_links":{"self":[{"href":"https:\/\/os-svetvincenat.skole.hr\/index.php?rest_route=\/wp\/v2\/pages\/128","targetHints":{"allow":["GET"]}}],"collection":[{"href":"https:\/\/os-svetvincenat.skole.hr\/index.php?rest_route=\/wp\/v2\/pages"}],"about":[{"href":"https:\/\/os-svetvincenat.skole.hr\/index.php?rest_route=\/wp\/v2\/types\/page"}],"replies":[{"embeddable":true,"href":"https:\/\/os-svetvincenat.skole.hr\/index.php?rest_route=%2Fwp%2Fv2%2Fcomments&post=128"}],"version-history":[{"count":9,"href":"https:\/\/os-svetvincenat.skole.hr\/index.php?rest_route=\/wp\/v2\/pages\/128\/revisions"}],"predecessor-version":[{"id":296250,"href":"https:\/\/os-svetvincenat.skole.hr\/index.php?rest_route=\/wp\/v2\/pages\/128\/revisions\/296250"}],"wp:attachment":[{"href":"https:\/\/os-svetvincenat.skole.hr\/index.php?rest_route=%2Fwp%2Fv2%2Fmedia&parent=128"}],"curies":[{"name":"wp","href":"https:\/\/api.w.org\/{rel}","templated":true}]}}