{"id":104,"date":"2023-07-28T22:08:49","date_gmt":"2023-07-28T20:08:49","guid":{"rendered":"https:\/\/os-svetvincenat.skole.hr\/?page_id=104"},"modified":"2025-11-14T10:24:30","modified_gmt":"2025-11-14T09:24:30","slug":"produzeni-boravak","status":"publish","type":"page","link":"https:\/\/os-svetvincenat.skole.hr\/?page_id=104","title":{"rendered":"Produ\u017eeni boravak"},"content":{"rendered":"<p>[et_pb_section fb_built=&#8221;1&#8243; fullwidth=&#8221;on&#8221; next_background_color=&#8221;#ffffff&#8221; admin_label=&#8221;Header&#8221; _builder_version=&#8221;4.16&#8243; background_color=&#8221;#4f4aef&#8221; background_image=&#8221;https:\/\/os-svetvincenat.skole.hr\/wp-content\/uploads\/sites\/2697\/2025\/10\/day_care_bg_02.png&#8221; parallax=&#8221;on&#8221; custom_margin=&#8221;||&#8221; custom_padding=&#8221;0vw|||||&#8221; bottom_divider_style=&#8221;waves&#8221; bottom_divider_height=&#8221;2vw&#8221; bottom_divider_height_last_edited=&#8221;off|desktop&#8221; global_colors_info=&#8221;{}&#8221;][et_pb_fullwidth_image src=&#8221;https:\/\/os-svetvincenat.skole.hr\/wp-content\/uploads\/sites\/2697\/2025\/11\/produzeni-boravak-slika.png&#8221; title_text=&#8221;produ\u017eeni boravak slika&#8221; _builder_version=&#8221;4.25.0&#8243; max_width=&#8221;70%&#8221; max_width_tablet=&#8221;80%&#8221; max_width_phone=&#8221;&#8221; max_width_last_edited=&#8221;on|phone&#8221; module_alignment=&#8221;center&#8221; min_height=&#8221;1005.5px&#8221; custom_margin=&#8221;||-4vw&#8221; custom_margin_last_edited=&#8221;off|desktop&#8221; custom_padding=&#8221;0px||0px|||&#8221; animation_style=&#8221;roll&#8221; animation_direction=&#8221;top&#8221; animation_intensity_roll=&#8221;1%&#8221; global_colors_info=&#8221;{}&#8221; filter_hue_rotate__hover=&#8221;0deg&#8221; filter_hue_rotate__hover_enabled=&#8221;0deg&#8221; filter_saturate__hover=&#8221;100%&#8221; filter_saturate__hover_enabled=&#8221;100%&#8221; filter_brightness__hover=&#8221;100%&#8221; filter_brightness__hover_enabled=&#8221;100%&#8221; filter_contrast__hover=&#8221;100%&#8221; filter_contrast__hover_enabled=&#8221;100%&#8221; filter_invert__hover=&#8221;0%&#8221; filter_invert__hover_enabled=&#8221;0%&#8221; filter_sepia__hover=&#8221;0%&#8221; filter_sepia__hover_enabled=&#8221;0%&#8221; filter_opacity__hover=&#8221;100%&#8221; filter_opacity__hover_enabled=&#8221;100%&#8221; filter_blur__hover=&#8221;0px&#8221; filter_blur__hover_enabled=&#8221;0px&#8221; mix_blend_mode__hover=&#8221;normal&#8221; mix_blend_mode__hover_enabled=&#8221;normal&#8221;]<br \/>\n[\/et_pb_fullwidth_image][et_pb_fullwidth_image src=&#8221;https:\/\/os-svetvincenat.skole.hr\/wp-content\/uploads\/sites\/2697\/2025\/11\/day_care_img_06.png&#8221; _builder_version=&#8221;4.16&#8243; custom_margin=&#8221;-24vw|||||&#8221; custom_padding=&#8221;24px|||||&#8221; filter_brightness=&#8221;110%&#8221; animation_style=&#8221;slide&#8221; animation_direction=&#8221;bottom&#8221; animation_intensity_slide=&#8221;1%&#8221; global_colors_info=&#8221;{}&#8221;]<br \/>\n[\/et_pb_fullwidth_image][\/et_pb_section][et_pb_section fb_built=&#8221;1&#8243; admin_label=&#8221;Features&#8221; _builder_version=&#8221;4.16&#8243; background_image=&#8221;https:\/\/os-svetvincenat.skole.hr\/wp-content\/uploads\/sites\/2697\/2025\/11\/day_care_img_17.jpg&#8221; parallax=&#8221;on&#8221; custom_padding=&#8221;0px|0px|0|0px|false|false&#8221; custom_width_px__hover=&#8221;1080px&#8221; custom_width_px__hover_enabled=&#8221;1080px&#8221; custom_width_percent__hover=&#8221;80%&#8221; custom_width_percent__hover_enabled=&#8221;80%&#8221; global_colors_info=&#8221;{}&#8221; gutter_width__hover=&#8221;3&#8243; gutter_width__hover_enabled=&#8221;3&#8243; parallax_1__hover=&#8221;off&#8221; parallax_1__hover_enabled=&#8221;off&#8221; parallax_2__hover=&#8221;off&#8221; parallax_2__hover_enabled=&#8221;off&#8221; parallax_3__hover=&#8221;off&#8221; parallax_3__hover_enabled=&#8221;off&#8221; parallax_method_1__hover=&#8221;on&#8221; parallax_method_1__hover_enabled=&#8221;on&#8221; parallax_method_2__hover=&#8221;on&#8221; parallax_method_2__hover_enabled=&#8221;on&#8221; parallax_method_3__hover=&#8221;on&#8221; parallax_method_3__hover_enabled=&#8221;on&#8221; background_size__hover=&#8221;cover&#8221; background_size__hover_enabled=&#8221;cover&#8221; background_position__hover=&#8221;center&#8221; background_position__hover_enabled=&#8221;center&#8221; use_background_color_gradient__hover=&#8221;off&#8221; use_background_color_gradient__hover_enabled=&#8221;off&#8221; background_color_gradient_start__hover=&#8221;#2b87da&#8221; background_color_gradient_start__hover_enabled=&#8221;#2b87da&#8221; background_color_gradient_end__hover=&#8221;#29c4a9&#8243; background_color_gradient_end__hover_enabled=&#8221;#29c4a9&#8243; background_color_gradient_type__hover=&#8221;linear&#8221; background_color_gradient_type__hover_enabled=&#8221;linear&#8221; background_color_gradient_direction__hover=&#8221;180deg&#8221; background_color_gradient_direction__hover_enabled=&#8221;180deg&#8221; background_color_gradient_direction_radial__hover=&#8221;center&#8221; background_color_gradient_direction_radial__hover_enabled=&#8221;center&#8221; background_color_gradient_start_position__hover=&#8221;0%&#8221; background_color_gradient_start_position__hover_enabled=&#8221;0%&#8221; background_color_gradient_end_position__hover=&#8221;100%&#8221; background_color_gradient_end_position__hover_enabled=&#8221;100%&#8221; background_color_gradient_overlays_image__hover=&#8221;off&#8221; background_color_gradient_overlays_image__hover_enabled=&#8221;off&#8221; parallax__hover=&#8221;off&#8221; parallax__hover_enabled=&#8221;off&#8221; parallax_method__hover=&#8221;on&#8221; parallax_method__hover_enabled=&#8221;on&#8221; background_repeat__hover=&#8221;no-repeat&#8221; background_repeat__hover_enabled=&#8221;no-repeat&#8221; background_blend__hover=&#8221;normal&#8221; background_blend__hover_enabled=&#8221;normal&#8221; allow_player_pause__hover=&#8221;off&#8221; allow_player_pause__hover_enabled=&#8221;off&#8221; background_video_pause_outside_viewport__hover=&#8221;on&#8221; background_video_pause_outside_viewport__hover_enabled=&#8221;on&#8221; inner_shadow__hover=&#8221;off&#8221; inner_shadow__hover_enabled=&#8221;off&#8221; make_fullwidth__hover=&#8221;off&#8221; make_fullwidth__hover_enabled=&#8221;off&#8221; use_custom_width__hover=&#8221;off&#8221; use_custom_width__hover_enabled=&#8221;off&#8221; width_unit__hover=&#8221;on&#8221; width_unit__hover_enabled=&#8221;on&#8221; make_equal__hover=&#8221;off&#8221; make_equal__hover_enabled=&#8221;off&#8221; use_custom_gutter__hover=&#8221;off&#8221; use_custom_gutter__hover_enabled=&#8221;off&#8221; border_radii__hover=&#8221;on||||&#8221; border_radii__hover_enabled=&#8221;on||||&#8221; box_shadow_style__hover=&#8221;none&#8221; box_shadow_style__hover_enabled=&#8221;none&#8221; box_shadow_color__hover=&#8221;rgba(0,0,0,0.3)&#8221; box_shadow_color__hover_enabled=&#8221;rgba(0,0,0,0.3)&#8221; max_width__hover=&#8221;100%&#8221; max_width__hover_enabled=&#8221;100%&#8221; filter_hue_rotate__hover=&#8221;0deg&#8221; filter_hue_rotate__hover_enabled=&#8221;0deg&#8221; filter_saturate__hover=&#8221;100%&#8221; filter_saturate__hover_enabled=&#8221;100%&#8221; filter_brightness__hover=&#8221;100%&#8221; filter_brightness__hover_enabled=&#8221;100%&#8221; filter_contrast__hover=&#8221;100%&#8221; filter_contrast__hover_enabled=&#8221;100%&#8221; filter_invert__hover=&#8221;0%&#8221; filter_invert__hover_enabled=&#8221;0%&#8221; filter_sepia__hover=&#8221;0%&#8221; filter_sepia__hover_enabled=&#8221;0%&#8221; filter_opacity__hover=&#8221;100%&#8221; filter_opacity__hover_enabled=&#8221;100%&#8221; filter_blur__hover=&#8221;0px&#8221; filter_blur__hover_enabled=&#8221;0px&#8221; mix_blend_mode__hover=&#8221;normal&#8221; mix_blend_mode__hover_enabled=&#8221;normal&#8221; animation_style__hover=&#8221;none&#8221; animation_style__hover_enabled=&#8221;none&#8221; animation_repeat__hover=&#8221;once&#8221; animation_repeat__hover_enabled=&#8221;once&#8221; animation_direction__hover=&#8221;center&#8221; animation_direction__hover_enabled=&#8221;center&#8221; animation_duration__hover=&#8221;1000ms&#8221; animation_duration__hover_enabled=&#8221;1000ms&#8221; animation_delay__hover=&#8221;0ms&#8221; animation_delay__hover_enabled=&#8221;0ms&#8221; animation_intensity_slide__hover=&#8221;50%&#8221; animation_intensity_slide__hover_enabled=&#8221;50%&#8221; animation_intensity_zoom__hover=&#8221;50%&#8221; animation_intensity_zoom__hover_enabled=&#8221;50%&#8221; animation_intensity_flip__hover=&#8221;50%&#8221; animation_intensity_flip__hover_enabled=&#8221;50%&#8221; animation_intensity_fold__hover=&#8221;50%&#8221; animation_intensity_fold__hover_enabled=&#8221;50%&#8221; animation_intensity_roll__hover=&#8221;50%&#8221; animation_intensity_roll__hover_enabled=&#8221;50%&#8221; animation_starting_opacity__hover=&#8221;0%&#8221; animation_starting_opacity__hover_enabled=&#8221;0%&#8221; animation_speed_curve__hover=&#8221;ease-in-out&#8221; animation_speed_curve__hover_enabled=&#8221;ease-in-out&#8221; hover_transition_duration__hover=&#8221;300ms&#8221; hover_transition_duration__hover_enabled=&#8221;300ms&#8221; hover_transition_delay__hover=&#8221;0ms&#8221; hover_transition_delay__hover_enabled=&#8221;0ms&#8221; hover_transition_speed_curve__hover=&#8221;ease&#8221; hover_transition_speed_curve__hover_enabled=&#8221;ease&#8221; background_color_gradient_stops__hover=&#8221;#2b87da 0%|#29c4a9 100%&#8221;][et_pb_row column_structure=&#8221;1_2,1_2&#8243; _builder_version=&#8221;4.16&#8243; max_width=&#8221;1160px&#8221; min_height=&#8221;779.6px&#8221; use_custom_width=&#8221;on&#8221; custom_width_px=&#8221;1160px&#8221; global_colors_info=&#8221;{}&#8221; custom_padding=&#8221;||0px|||&#8221;][et_pb_column type=&#8221;1_2&#8243; _builder_version=&#8221;4.16&#8243; custom_padding=&#8221;40px|||&#8221; custom_padding_tablet=&#8221;0px||&#8221; custom_padding_phone=&#8221;0px||&#8221; custom_padding_last_edited=&#8221;on|tablet&#8221; global_colors_info=&#8221;{}&#8221; custom_padding__hover=&#8221;|||&#8221;][et_pb_blurb title=&#8221;Organizacija rada&#8221; image_icon_background_color=&#8221;#ff236c&#8221; image_icon_width=&#8221;48px&#8221; _builder_version=&#8221;4.25.0&#8243; header_font=&#8221;Fredoka One||||||||&#8221; header_font_size=&#8221;22px&#8221; header_line_height=&#8221;1.8em&#8221; body_font=&#8221;||||||||&#8221; body_line_height=&#8221;2em&#8221; background_color=&#8221;#ffffff&#8221; image_icon_custom_padding=&#8221;25px|25px|25px|25px|false|false&#8221; text_orientation=&#8221;center&#8221; custom_padding=&#8221;60px|25px|60px|25px|true|true&#8221; custom_padding_tablet=&#8221;&#8221; custom_padding_phone=&#8221;30px||30px|20px|true&#8221; custom_padding_last_edited=&#8221;on|phone&#8221; animation_style=&#8221;slide&#8221; animation_direction=&#8221;bottom&#8221; animation_intensity_slide=&#8221;2%&#8221; animation=&#8221;off&#8221; link_option_url=&#8221;#&#8221; hover_enabled=&#8221;0&#8243; body_font_size_phone=&#8221;14px&#8221; body_font_size_last_edited=&#8221;off|desktop&#8221; border_radii=&#8221;on|22px|22px|22px|22px&#8221; border_radii_image=&#8221;on|100%|100%|100%|100%&#8221; box_shadow_style=&#8221;preset3&#8243; box_shadow_vertical=&#8221;10px&#8221; box_shadow_blur=&#8221;60px&#8221; box_shadow_spread=&#8221;-10px&#8221; box_shadow_color=&#8221;rgba(91,36,161,0.25)&#8221; use_circle=&#8221;on&#8221; circle_color=&#8221;#ff236c&#8221; global_colors_info=&#8221;{}&#8221; box_shadow_vertical__hover_enabled=&#8221;on&#8221; box_shadow_vertical__hover=&#8221;40px&#8221; box_shadow_blur__hover_enabled=&#8221;on&#8221; box_shadow_blur__hover=&#8221;150px&#8221; box_shadow_color__hover_enabled=&#8221;on&#8221; box_shadow_color__hover=&#8221;rgba(91,36,161,0.12)&#8221; image_icon_background_color__sticky_enabled=&#8221;#2ea3f2&#8243; image_icon_background_color__sticky=&#8221;#2ea3f2&#8243; sticky_enabled=&#8221;0&#8243;]<\/p>\n<p><strong><span>U na\u0161oj je \u0161koli\u00a0 produ\u017eeni boravak organiziran za u\u010denike 1., 2., 3., 4. razreda.\u00a0Dnevno trajanje produ\u017eenog boravka je od 7,00 do 13,00 sati.\u00a0<\/span><\/strong><\/p>\n<p>[\/et_pb_blurb][\/et_pb_column][et_pb_column type=&#8221;1_2&#8243; _builder_version=&#8221;4.16&#8243; custom_padding=&#8221;|||&#8221; global_colors_info=&#8221;{}&#8221; custom_padding__hover=&#8221;|||&#8221;][et_pb_blurb title=&#8221;Raspored aktivnosti&#8221; image_icon_background_color=&#8221;#ffc259&#8243; image_icon_width=&#8221;48px&#8221; _builder_version=&#8221;4.25.0&#8243; header_font=&#8221;Fredoka One||||||||&#8221; header_font_size=&#8221;22px&#8221; header_line_height=&#8221;1.8em&#8221; body_font=&#8221;||||||||&#8221; body_line_height=&#8221;2em&#8221; background_color=&#8221;#ffffff&#8221; image_icon_custom_padding=&#8221;25px|25px|25px|25px|false|false&#8221; text_orientation=&#8221;center&#8221; custom_margin=&#8221;||&#8221; custom_padding=&#8221;60px|25px|60px|25px|true|true&#8221; custom_padding_tablet=&#8221;&#8221; custom_padding_phone=&#8221;30px||30px|20px|true&#8221; custom_padding_last_edited=&#8221;on|phone&#8221; animation_style=&#8221;slide&#8221; animation_direction=&#8221;bottom&#8221; animation_intensity_slide=&#8221;2%&#8221; animation=&#8221;off&#8221; link_option_url=&#8221;#&#8221; hover_enabled=&#8221;0&#8243; body_font_size_phone=&#8221;14px&#8221; body_font_size_last_edited=&#8221;off|desktop&#8221; border_radii=&#8221;on|22px|22px|22px|22px&#8221; border_radii_image=&#8221;on|100%|100%|100%|100%&#8221; box_shadow_style=&#8221;preset3&#8243; box_shadow_vertical=&#8221;10px&#8221; box_shadow_blur=&#8221;60px&#8221; box_shadow_spread=&#8221;-10px&#8221; box_shadow_color=&#8221;rgba(91,36,161,0.25)&#8221; use_circle=&#8221;on&#8221; circle_color=&#8221;#ffc259&#8243; locked=&#8221;off&#8221; global_colors_info=&#8221;{}&#8221; box_shadow_vertical__hover_enabled=&#8221;on&#8221; box_shadow_vertical__hover=&#8221;40px&#8221; box_shadow_blur__hover_enabled=&#8221;on&#8221; box_shadow_blur__hover=&#8221;150px&#8221; box_shadow_color__hover_enabled=&#8221;on&#8221; box_shadow_color__hover=&#8221;rgba(91,36,161,0.12)&#8221; image_icon_background_color__sticky_enabled=&#8221;#2ea3f2&#8243; image_icon_background_color__sticky=&#8221;#2ea3f2&#8243; sticky_enabled=&#8221;0&#8243;]<\/p>\n<p><strong><span>U 8,15 sati u\u010denici idu u \u0161kolsku blagovaonicu. Nakon doru\u010dka, (oko 9 sati) predvi\u0111eno\u00a0 je\u00a0 vrijeme pisanja doma\u0107ih zada\u0107a, uvje\u017ebavanja, ponavljanja nastavnog sadr\u017eaja obra\u0111enog na nastavi. Nakon toga slijedi slobodno ustrojeno vrijeme. Vrijeme za igru, odmor i rekreaciju po slobodnom izboru u\u010denika ili razli\u010dite, programirane sportsko-rekreativne aktivnosti, razli\u010diti tipovi radionica \u2013 likovne, glazbene, komunikacijske i druge, mala projektna istra\u017eivanja, dramatizacije i niz drugih organiziranih aktivnosti koje kreira u\u010ditelj uz pomo\u0107 u\u010denika. Odlazak na u\u017einu je u 11,30 sati. Preostalo vrijeme u\u010diteljica s u\u010denicima provodi razli\u010dite slobodne aktivnosti.<\/span><\/strong><\/p>\n<p><strong><span>Izmjenama igre, u\u010denja, odmora, vje\u017ebanja i razgibavanja, \u0161etnje, pjevanja, ponavljanja, crtanja, razgovora \u017eelimo stvoriti osje\u0107aj ugode i zadovoljstva kod svih u\u010denika u odgojno-obrazovnom procesu, odnosno sretno dijete koje \u0107e voljeti \u0161kolu.<\/span><\/strong><\/p>\n<p>[\/et_pb_blurb][\/et_pb_column][\/et_pb_row][\/et_pb_section][et_pb_section fb_built=&#8221;1&#8243; _builder_version=&#8221;4.25.0&#8243; _module_preset=&#8221;default&#8221; custom_padding=&#8221;2px||5px|||&#8221; global_colors_info=&#8221;{}&#8221;][et_pb_row _builder_version=&#8221;4.25.0&#8243; _module_preset=&#8221;default&#8221; global_colors_info=&#8221;{}&#8221; custom_padding=&#8221;2px|||||&#8221;][et_pb_column type=&#8221;4_4&#8243; _builder_version=&#8221;4.25.0&#8243; _module_preset=&#8221;default&#8221; global_colors_info=&#8221;{}&#8221;][et_pb_text _builder_version=&#8221;4.25.0&#8243; _module_preset=&#8221;71f4382d-4540-408c-95b9-a51adfd9f153&#8243; text_orientation=&#8221;center&#8221; custom_padding=&#8221;0px|||||&#8221; global_colors_info=&#8221;{}&#8221;]<\/p>\n<h2>Vijesti produ\u017eenog boravka<\/h2>\n<p>[\/et_pb_text][et_pb_blog posts_number=&#8221;6&#8243; include_categories=&#8221;69&#8243; show_pagination=&#8221;off&#8221; _builder_version=&#8221;4.25.0&#8243; _module_preset=&#8221;2731d953-3023-43d5-bc6e-b9216a8f3cca&#8221; box_shadow_style=&#8221;preset4&#8243; box_shadow_horizontal=&#8221;20px&#8221; box_shadow_vertical=&#8221;20px&#8221; box_shadow_color=&#8221;gcid-f0b81583-c55e-43e8-91ce-43dd9fe19dec&#8221; locked=&#8221;off&#8221; global_colors_info=&#8221;{%22gcid-93e3f830-9462-456c-bf95-d424ca32e812%22:%91%22header_text_color%22,%22body_text_color%22%93,%22gcid-0ab8503d-33f1-4559-b22f-9ac05b69461d%22:%91%22meta_text_color%22%93,%22gcid-f0b81583-c55e-43e8-91ce-43dd9fe19dec%22:%91%22box_shadow_color%22%93}&#8221;][\/et_pb_blog][et_pb_text _builder_version=&#8221;4.25.0&#8243; text_font=&#8221;||||||||&#8221; header_font=&#8221;||||||||&#8221; header_2_font=&#8221;Arial||||||||&#8221; header_2_font_size=&#8221;60px&#8221; text_orientation=&#8221;center&#8221; header_2_font_size_tablet=&#8221;50px&#8221; header_2_font_size_phone=&#8221;30px&#8221; header_2_font_size_last_edited=&#8221;on|phone&#8221; locked=&#8221;off&#8221; global_colors_info=&#8221;{}&#8221;]<\/p>\n<h2>Produ\u017eeni boravak<\/h2>\n<p>[\/et_pb_text][et_pb_text _builder_version=&#8221;4.25.0&#8243; text_font=&#8221;||||||||&#8221; text_line_height=&#8221;2em&#8221; header_font=&#8221;||||||||&#8221; header_6_font=&#8221;||||||||&#8221; text_orientation=&#8221;center&#8221; max_width=&#8221;800px&#8221; module_alignment=&#8221;center&#8221; text_font_size_tablet=&#8221;&#8221; text_font_size_phone=&#8221;&#8221; text_font_size_last_edited=&#8221;on|phone&#8221; locked=&#8221;off&#8221; global_colors_info=&#8221;{}&#8221;]<\/p>\n<p style=\"text-align: left\"><strong>Pedago\u0161ka koncepcija rada u produ\u017eenom boravku kao i u nastavi zasniva se na svim potrebama u\u010denika i konkretnim utjecajem na njih. Radi se prilagodba nastavnih metoda s ciljem dobre artikulacije slobodnog vremena i samostalnog u\u010denja.<\/strong><\/p>\n<p style=\"text-align: left\"><strong>Rad u produ\u017eenom boravku mnogo je druga\u010diji od klasi\u010dne nastave, ali i cjelovitiji i bogatiji. Ne svodi se samo na pisanje zada\u0107e i dovr\u0161avanje \u00a0posla. U\u010diteljica u PB-u odre\u0111uje vje\u017ebe i zadatke pomo\u0107u kojih provodi sate u\u010denja. Cilj je nau\u010diti djecu kako u\u010diti, istra\u017eivati, prou\u010davati, podu\u010davati, pomagati. Rad u boravku sna\u017eno utje\u010de na emocije u\u010denika, sigurnost u sebe, samopo\u0161tovanje, povjerenje u prijatelje, suradnju, pomaganje, odgovornost, znati\u017eelju, samovrednovanje, zdrav moral, osje\u0107aj uspje\u0161nosti, snala\u017eljivost, okretnost, pravo na pogre\u0161ku i prihva\u0107anje pogre\u0161aka kod sebe i drugih. U produ\u017eenom boravku povezuju se igra, u\u010denje i rad.<\/strong><\/p>\n<p style=\"text-align: left\"><strong>U\u010ditelji su u produ\u017eenom boravku najprije odgojitelji, ali i mentori u\u010denicima Oni ih poti\u010du, poma\u017eu, ohrabruju, tje\u0161e, rje\u0161avaju probleme.\u00a0U\u010denici u boravku mogu vi\u0161e pratiti vlastiti ritam zbog fleksibilnosti u dnevnom rasporedu.<\/strong><\/p>\n<p style=\"text-align: left\"><strong>Kroz individualne razgovore s u\u010diteljicom iz produ\u017eenog boravka roditelj saznaje kakvo je dijete u igri, kako usvaja nastavni sadr\u017eaj prilikom uvje\u017ebavanja, koliko je spremno pomo\u0107i i kako prihva\u0107a pomo\u0107 u skupnom radu, kako reagira na umor, kakvo je u blagovaonici, koliko sudjeluje u odr\u017eavanju urednosti u\u010dionice\u2026. Sve su to vrlo va\u017ene stvari u razvoju jednog djeteta. Roditelji i u\u010ditelji PB-a moraju sura\u0111ivati prijateljski, jer dio roditeljske uloge preuzima upravo u\u010ditelj produ\u017eenog boravka.\u00a0<\/strong><\/p>\n<p>[\/et_pb_text][\/et_pb_column][\/et_pb_row][\/et_pb_section]<\/p>\n","protected":false},"excerpt":{"rendered":"<p>U na\u0161oj je \u0161koli\u00a0 produ\u017eeni boravak organiziran za u\u010denike 1., 2., 3., 4. razreda.\u00a0Dnevno trajanje produ\u017eenog boravka je od 7,00 do 13,00 sati.\u00a0U 8,15 sati u\u010denici idu u \u0161kolsku blagovaonicu. Nakon doru\u010dka, (oko 9 sati) predvi\u0111eno\u00a0 je\u00a0 vrijeme pisanja doma\u0107ih zada\u0107a, uvje\u017ebavanja, ponavljanja nastavnog sadr\u017eaja obra\u0111enog na nastavi. Nakon toga slijedi slobodno ustrojeno vrijeme. Vrijeme [&hellip;]<\/p>\n","protected":false},"author":6002,"featured_media":0,"parent":0,"menu_order":0,"comment_status":"closed","ping_status":"closed","template":"","meta":{"_et_pb_use_builder":"on","_et_pb_old_content":"","_et_gb_content_width":"","footnotes":""},"class_list":["post-104","page","type-page","status-publish","hentry"],"_links":{"self":[{"href":"https:\/\/os-svetvincenat.skole.hr\/index.php?rest_route=\/wp\/v2\/pages\/104","targetHints":{"allow":["GET"]}}],"collection":[{"href":"https:\/\/os-svetvincenat.skole.hr\/index.php?rest_route=\/wp\/v2\/pages"}],"about":[{"href":"https:\/\/os-svetvincenat.skole.hr\/index.php?rest_route=\/wp\/v2\/types\/page"}],"author":[{"embeddable":true,"href":"https:\/\/os-svetvincenat.skole.hr\/index.php?rest_route=\/wp\/v2\/users\/6002"}],"replies":[{"embeddable":true,"href":"https:\/\/os-svetvincenat.skole.hr\/index.php?rest_route=%2Fwp%2Fv2%2Fcomments&post=104"}],"version-history":[{"count":25,"href":"https:\/\/os-svetvincenat.skole.hr\/index.php?rest_route=\/wp\/v2\/pages\/104\/revisions"}],"predecessor-version":[{"id":297108,"href":"https:\/\/os-svetvincenat.skole.hr\/index.php?rest_route=\/wp\/v2\/pages\/104\/revisions\/297108"}],"wp:attachment":[{"href":"https:\/\/os-svetvincenat.skole.hr\/index.php?rest_route=%2Fwp%2Fv2%2Fmedia&parent=104"}],"curies":[{"name":"wp","href":"https:\/\/api.w.org\/{rel}","templated":true}]}}